{"id":915,"date":"2025-12-16T15:25:50","date_gmt":"2025-12-16T15:25:50","guid":{"rendered":"https:\/\/ceciconnects.com\/?page_id=915"},"modified":"2026-02-23T15:40:37","modified_gmt":"2026-02-23T15:40:37","slug":"eventos","status":"publish","type":"page","link":"https:\/\/ceciconnects.com\/de\/eventos\/","title":{"rendered":"Erlebnisse"},"content":{"rendered":"<div class=\"wp-block-uagb-container uagb-block-c8529dee alignfull uagb-is-root-container\"><div class=\"uagb-container-inner-blocks-wrap\">\n<div class=\"wp-block-uagb-advanced-heading uagb-block-b87ef8b1\"><h2 class=\"uagb-heading-text\">Erlebnisse<\/h2><\/div>\n<\/div><\/div>\n\n\n\n<div class=\"wp-block-uagb-advanced-heading uagb-block-039331c5\"><\/div>\n\n\n\n<div style=\"height:100px\" aria-hidden=\"true\" class=\"wp-block-spacer\"><\/div>\n\n\n      \n\t\t\t<div class=\"uagb-icon-wrapper uagb-block-4915fc26\"\n\t\t\tstyle=\"\" >\n\t\t\t\t\t\t\t\t\t<span class=\"uagb-svg-wrapper\" \n\t\t\t\t\t aria-label=\"masks-theater\"\t\t\t\t\ttabindex=\"0\">\t\t\n\t\t\t\t\t\t\t\t\t\t<svg xmlns=\"https:\/\/www.w3.org\/2000\/svg\" viewbox= \"0 0 640 512\" role=\"graphics-symbol\" aria-hidden=\"false\" aria-label=\"\"><path d=\"M206.9 245.1C171 255.6 146.8 286.4 149.3 319.3C160.7 306.5 178.1 295.5 199.3 288.4L206.9 245.1zM95.78 294.9L64.11 115.5C63.74 113.9 64.37 112.9 64.37 112.9c57.75-32.13 123.1-48.99 189-48.99c1.625 0 3.113 .0745 4.738 .0745c13.1-13.5 31.75-22.75 51.62-26c18.87-3 38.12-4.5 57.25-5.25c-9.999-14-24.47-24.27-41.84-27.02c-23.87-3.875-47.9-5.732-71.77-5.732c-76.74 0-152.4 19.45-220.1 57.07C9.021 70.57-3.853 98.5 1.021 126.6L32.77 306c14.25 80.5 136.3 142 204.5 142c3.625 0 6.777-.2979 10.03-.6729c-13.5-17.13-28.1-40.5-39.5-67.63C160.1 366.8 101.7 328 95.78 294.9zM193.4 157.6C192.6 153.4 191.1 149.7 189.3 146.2c-8.249 8.875-20.62 15.75-35.25 18.37c-14.62 2.5-28.75 .376-39.5-5.249c-.5 4-.6249 7.998 .125 12.12c3.75 21.75 24.5 36.24 46.25 32.37C182.6 200.1 197.3 179.3 193.4 157.6zM606.8 121c-88.87-49.38-191.4-67.38-291.9-51.38C287.5 73.1 265.8 95.85 260.8 123.1L229 303.5c-15.37 87.13 95.33 196.3 158.3 207.3c62.1 11.13 204.5-53.68 219.9-140.8l31.75-179.5C643.9 162.3 631 134.4 606.8 121zM333.5 217.8c3.875-21.75 24.62-36.25 46.37-32.37c21.75 3.75 36.25 24.49 32.5 46.12c-.7499 4.125-2.25 7.873-4.125 11.5c-8.249-9-20.62-15.75-35.25-18.37c-14.75-2.625-28.75-.3759-39.5 5.124C332.1 225.9 332.9 221.9 333.5 217.8zM403.1 416.5c-55.62-9.875-93.49-59.23-88.99-112.1c20.62 25.63 56.25 46.24 99.49 53.87c43.25 7.625 83.74 .3781 111.9-16.62C512.2 392.7 459.7 426.3 403.1 416.5zM534.4 265.2c-8.249-8.875-20.75-15.75-35.37-18.37c-14.62-2.5-28.62-.3759-39.5 5.249c-.5-4-.625-7.998 .125-12.12c3.875-21.75 24.62-36.25 46.37-32.37c21.75 3.875 36.25 24.49 32.37 46.24C537.6 257.9 536.1 261.7 534.4 265.2z\"><\/path><\/svg>\n\t\t\t\t\t\t\t\t\t<\/span>\n\t\t\t\t\t\t\t<\/div>\n\t\t\t\n\n\n<div class=\"wp-block-uagb-info-box uagb-block-c6fe3491 uagb-infobox__content-wrap  uagb-infobox-icon-above-title uagb-infobox-image-valign-top\"><div class=\"uagb-ifb-content\"><div class=\"uagb-ifb-title-wrap\"><h3 class=\"uagb-ifb-title\"><mark style=\"background-color:rgba(0, 0, 0, 0)\" class=\"has-inline-color has-ast-global-color-2-color\">Exklusive Premium-Begegnungen<\/mark><\/h3><\/div><p class=\"uagb-ifb-desc\"><br>Besondere Einheiten, um <strong><mark style=\"background-color:rgba(0, 0, 0, 0)\" class=\"has-inline-color has-ast-global-color-2-color\">Spanisch in realen Kontexten<\/mark><\/strong> und in direktem Kontakt mit der Kultur und dem Alltag zu erleben.<br>Jede Erfahrung kombiniert eine <strong><mark style=\"background-color:rgba(0, 0, 0, 0)\" class=\"has-inline-color has-ast-global-color-2-color\">kurze Online-Vorbereitung<\/mark><\/strong> mit einem <strong><mark style=\"background-color:rgba(0, 0, 0, 0)\" class=\"has-inline-color has-ast-global-color-2-color\">Pr\u00e4senztreffen<\/mark><\/strong>, um die Sprache in authentischen Situationen zu \u00fcben.<br>Diese Angebote sind unabh\u00e4ngig vom regul\u00e4ren Unterricht und finden <strong><mark style=\"background-color:rgba(0, 0, 0, 0)\" class=\"has-inline-color has-ast-global-color-2-color\">einmal im Monat<\/mark><\/strong>in kleinen Gruppen statt.<br><br><mark style=\"background-color:rgba(0, 0, 0, 0)\" class=\"has-inline-color has-ast-global-color-1-color\"><strong>Ablauf<\/strong>:<\/mark><br>Die Online-Vorbereitung vermittelt Dir das Vokabular und die Schl\u00fcsselbegriffe.<br>Das Pr\u00e4senztreffen findet an realen Orten statt.<br>Die Aktivit\u00e4ten werden von mir geleitet und begleitet.<br>Die Gruppen sind bewusst klein gehalten.<br>Das Niveau ist flexibel und passt sich den Teilnehmer*innen an.<br><br><mark style=\"background-color:rgba(0, 0, 0, 0)\" class=\"has-inline-color has-ast-global-color-1-color\"><strong>Arten von Erlebnissen<\/strong>:<\/mark><br><strong>Caf\u00e9s, Restaurants und M\u00e4rkte.<\/strong><br>Bestellen, einkaufen, nachfragen und mit Nat\u00fcrlichkeit interagieren.<br><strong>Kultur und Traditionen.<\/strong><br>Tango, Milongas, Pe\u00f1as folkl\u00f3ricas, Musik und kulturelle Ausdrucksformen.<br><strong>Stadt und urbanes Leben.<\/strong><br>Verkehrsmittel, Rundg\u00e4nge, Museen und kulturelle R\u00e4ume.<br><strong>Soziales Alltagsleben.<\/strong><br>Informelle Gespr\u00e4che, Register, Sprechweisen und h\u00e4ufige Ausdr\u00fccke.<br><strong>Identit\u00e4t und lokale Br\u00e4uche.<\/strong><br>Gewohnheiten, soziale Codes und die Art und Weise, sich zu beziehen.<br><br><mark style=\"background-color:rgba(0, 0, 0, 0)\" class=\"has-inline-color has-ast-global-color-1-color\"><strong>F\u00fcr wen diese Erlebnisse sind<\/strong>:<\/mark><br>F\u00fcr Personen, die in Argentinien leben oder durch das Land reisen.<br>F\u00fcr Student*innen, die mehr <strong>Sicherheit und Leichtigkeit beim Sprechen gewinnen m\u00f6chten.<\/strong>.<br>F\u00fcr alle, die Spanisch <strong>durch echte Erfahrungen und direkten Kontakt lernen wollen.<\/strong>.<br><br><mark style=\"background-color:rgba(0, 0, 0, 0)\" class=\"has-inline-color has-ast-global-color-1-color\"><strong>Was Du erreichen wirst<\/strong>:<\/mark><br>Du wirst Spanisch nat\u00fcrlicher anwenden.<br>Du wirst die Alltagssprache besser verstehen.<br>Du wirst Deinen Wortschatz im Kontext erweitern.<br>Du wirst Dich in realen Situationen sicherer f\u00fchlen.<br><br><strong><mark style=\"background-color:rgba(0, 0, 0, 0)\" class=\"has-inline-color has-ast-global-color-2-color\">Regul\u00e4re Sch\u00fcler*innen bezahlen die Vorbereitungsklasse nicht.<br>Preise nach Vereinbarung<\/mark> <\/strong><br><\/p><\/div><\/div>\n\n\n\n<p><\/p>\n\n\n\t\t\t\t\t<div\n\t\t\t\t\t\tclass=\"wp-block-uagb-image-gallery uagb-block-c333d3c9\"\n\t\t\t\t\t\tstyle=\"\"\n\t\t\t\t\t>\n\t\t\t\t\t\t\t\t\t\t\t<div class=\"spectra-image-gallery spectra-image-gallery__layout--grid spectra-image-gallery__layout--grid-col-3 spectra-image-gallery__layout--grid-col-tab-3 spectra-image-gallery__layout--grid-col-mob-2\">\n\t\t\t\t\t\t\t\t\t\t\t<div class='spectra-image-gallery__media-wrapper' data-spectra-gallery-image-id='1698' tabindex=\"0\">\n\t\t\t\t\t\t\t<div class=\"spectra-image-gallery__media spectra-image-gallery__media--grid\">\n\t\t\t\t<picture>\n\t\t\t\t\t<source media=\"(min-width: 1024px)\" srcset=\"https:\/\/ceciconnects.com\/wp-content\/uploads\/2026\/02\/pexels-photo-18243156-18243156-576x1024.jpg\">\n\t\t\t\t\t<source media=\"(min-width: 768px)\" srcset=\"https:\/\/ceciconnects.com\/wp-content\/uploads\/2026\/02\/pexels-photo-18243156-18243156-576x1024.jpg\">\n\t\t\t\t\t<img decoding=\"async\" class=\"spectra-image-gallery__media-thumbnail spectra-image-gallery__media-thumbnail--grid\" src=\"https:\/\/ceciconnects.com\/wp-content\/uploads\/2026\/02\/pexels-photo-18243156-18243156-169x300.jpg\" alt=\"Vibrant scene at San Telmo Market in Buenos Aires with colorful facades and local culture.\" loading=\"lazy\" \/>\n\t\t\t\t<\/picture>\n\t\t\t\t<div class=\"spectra-image-gallery__media-thumbnail-blurrer\"><\/div>\n\t\t\t\t\t\t\t\t\t\t\t<div class=\"spectra-image-gallery__media-thumbnail-caption-wrapper spectra-image-gallery__media-thumbnail-caption-wrapper--overlay\">\n\t\t\t\t\t\t\t\t\t\t\t<div class=\"spectra-image-gallery__media-thumbnail-caption spectra-image-gallery__media-thumbnail-caption--overlay\">\n\t\t\t\t\tNo Caption\t\t\t\t<\/div>\n\t\t\t\t\t\t\t\t\t\t<\/div>\n\t\t\t\t\t\t\t\t\t<\/div>\n\t\t\t\t\t\t<\/div>\n\t\t\t\t\t\t<div class='spectra-image-gallery__media-wrapper' data-spectra-gallery-image-id='1700' tabindex=\"0\">\n\t\t\t\t\t\t\t<div class=\"spectra-image-gallery__media spectra-image-gallery__media--grid\">\n\t\t\t\t<picture>\n\t\t\t\t\t<source media=\"(min-width: 1024px)\" srcset=\"https:\/\/ceciconnects.com\/wp-content\/uploads\/2026\/02\/gc456cf8725c2bf2d35e2ef9665ca6c60832be73ddcc3f6d27705687511995955568a3c8eb6cdb6be0a9ca3f1aa959668_1280-594592-1024x682.jpg\">\n\t\t\t\t\t<source media=\"(min-width: 768px)\" srcset=\"https:\/\/ceciconnects.com\/wp-content\/uploads\/2026\/02\/gc456cf8725c2bf2d35e2ef9665ca6c60832be73ddcc3f6d27705687511995955568a3c8eb6cdb6be0a9ca3f1aa959668_1280-594592-1024x682.jpg\">\n\t\t\t\t\t<img decoding=\"async\" class=\"spectra-image-gallery__media-thumbnail spectra-image-gallery__media-thumbnail--grid\" src=\"https:\/\/ceciconnects.com\/wp-content\/uploads\/2026\/02\/gc456cf8725c2bf2d35e2ef9665ca6c60832be73ddcc3f6d27705687511995955568a3c8eb6cdb6be0a9ca3f1aa959668_1280-594592-300x200.jpg\" alt=\"opera, orchestra, music, concert, classical, musical, entertainment, theater, classic, stage, theatre, architecture, culture, auditorium, symphony, audience, loge, teatro colon, buenos aires, argentinia, argentina, seats, play, art, show, people, spectators, crowd, brown music, brown art, brown crowd, brown concert, brown theater, brown culture, opera, opera, opera, orchestra, orchestra, orchestra, orchestra, orchestra, concert, theater, theater, theater, theatre, theatre, theatre, theatre, symphony, buenos aires\" loading=\"lazy\" \/>\n\t\t\t\t<\/picture>\n\t\t\t\t<div class=\"spectra-image-gallery__media-thumbnail-blurrer\"><\/div>\n\t\t\t\t\t\t\t\t\t\t\t<div class=\"spectra-image-gallery__media-thumbnail-caption-wrapper spectra-image-gallery__media-thumbnail-caption-wrapper--overlay\">\n\t\t\t\t\t\t\t\t\t\t\t<div class=\"spectra-image-gallery__media-thumbnail-caption spectra-image-gallery__media-thumbnail-caption--overlay\">\n\t\t\t\t\tNo Caption\t\t\t\t<\/div>\n\t\t\t\t\t\t\t\t\t\t<\/div>\n\t\t\t\t\t\t\t\t\t<\/div>\n\t\t\t\t\t\t<\/div>\n\t\t\t\t\t\t<div class='spectra-image-gallery__media-wrapper' data-spectra-gallery-image-id='1699' tabindex=\"0\">\n\t\t\t\t\t\t\t<div class=\"spectra-image-gallery__media spectra-image-gallery__media--grid\">\n\t\t\t\t<picture>\n\t\t\t\t\t<source media=\"(min-width: 1024px)\" srcset=\"https:\/\/ceciconnects.com\/wp-content\/uploads\/2026\/02\/pexels-photo-33731260-33731260-1024x683.jpg\">\n\t\t\t\t\t<source media=\"(min-width: 768px)\" srcset=\"https:\/\/ceciconnects.com\/wp-content\/uploads\/2026\/02\/pexels-photo-33731260-33731260-1024x683.jpg\">\n\t\t\t\t\t<img decoding=\"async\" class=\"spectra-image-gallery__media-thumbnail spectra-image-gallery__media-thumbnail--grid\" src=\"https:\/\/ceciconnects.com\/wp-content\/uploads\/2026\/02\/pexels-photo-33731260-33731260-300x200.jpg\" alt=\"A stunning overhead view of a couple performing tango on a checkered floor in Mar del Plata, Argentina.\" loading=\"lazy\" \/>\n\t\t\t\t<\/picture>\n\t\t\t\t<div class=\"spectra-image-gallery__media-thumbnail-blurrer\"><\/div>\n\t\t\t\t\t\t\t\t\t\t\t<div class=\"spectra-image-gallery__media-thumbnail-caption-wrapper spectra-image-gallery__media-thumbnail-caption-wrapper--overlay\">\n\t\t\t\t\t\t\t\t\t\t\t<div class=\"spectra-image-gallery__media-thumbnail-caption spectra-image-gallery__media-thumbnail-caption--overlay\">\n\t\t\t\t\tNo Caption\t\t\t\t<\/div>\n\t\t\t\t\t\t\t\t\t\t<\/div>\n\t\t\t\t\t\t\t\t\t<\/div>\n\t\t\t\t\t\t<\/div>\n\t\t\t\t\t\t<div class='spectra-image-gallery__media-wrapper' data-spectra-gallery-image-id='1702' tabindex=\"0\">\n\t\t\t\t\t\t\t<div class=\"spectra-image-gallery__media spectra-image-gallery__media--grid\">\n\t\t\t\t<picture>\n\t\t\t\t\t<source media=\"(min-width: 1024px)\" srcset=\"https:\/\/ceciconnects.com\/wp-content\/uploads\/2026\/02\/pexels-photo-15954884-15954884-683x1024.jpg\">\n\t\t\t\t\t<source media=\"(min-width: 768px)\" srcset=\"https:\/\/ceciconnects.com\/wp-content\/uploads\/2026\/02\/pexels-photo-15954884-15954884-683x1024.jpg\">\n\t\t\t\t\t<img decoding=\"async\" class=\"spectra-image-gallery__media-thumbnail spectra-image-gallery__media-thumbnail--grid\" src=\"https:\/\/ceciconnects.com\/wp-content\/uploads\/2026\/02\/pexels-photo-15954884-15954884-200x300.jpg\" alt=\"A hand holding a traditional yerba mate cup with a metal straw against a serene outdoor backdrop.\" loading=\"lazy\" \/>\n\t\t\t\t<\/picture>\n\t\t\t\t<div class=\"spectra-image-gallery__media-thumbnail-blurrer\"><\/div>\n\t\t\t\t\t\t\t\t\t\t\t<div class=\"spectra-image-gallery__media-thumbnail-caption-wrapper spectra-image-gallery__media-thumbnail-caption-wrapper--overlay\">\n\t\t\t\t\t\t\t\t\t\t\t<div class=\"spectra-image-gallery__media-thumbnail-caption spectra-image-gallery__media-thumbnail-caption--overlay\">\n\t\t\t\t\tNo Caption\t\t\t\t<\/div>\n\t\t\t\t\t\t\t\t\t\t<\/div>\n\t\t\t\t\t\t\t\t\t<\/div>\n\t\t\t\t\t\t<\/div>\n\t\t\t\t\t\t<div class='spectra-image-gallery__media-wrapper' data-spectra-gallery-image-id='1701' tabindex=\"0\">\n\t\t\t\t\t\t\t<div class=\"spectra-image-gallery__media spectra-image-gallery__media--grid\">\n\t\t\t\t<picture>\n\t\t\t\t\t<source media=\"(min-width: 1024px)\" srcset=\"https:\/\/ceciconnects.com\/wp-content\/uploads\/2026\/02\/g021bc0c23010032f00ad376b85878893e836861f666638a00fa480261b3605807d5f128dac6f9a1aa9bb0c7da30da6e195174a8c54b02816239cd240a044936f_1280-4250552-1024x682.jpg\">\n\t\t\t\t\t<source media=\"(min-width: 768px)\" srcset=\"https:\/\/ceciconnects.com\/wp-content\/uploads\/2026\/02\/g021bc0c23010032f00ad376b85878893e836861f666638a00fa480261b3605807d5f128dac6f9a1aa9bb0c7da30da6e195174a8c54b02816239cd240a044936f_1280-4250552-1024x682.jpg\">\n\t\t\t\t\t<img decoding=\"async\" class=\"spectra-image-gallery__media-thumbnail spectra-image-gallery__media-thumbnail--grid\" src=\"https:\/\/ceciconnects.com\/wp-content\/uploads\/2026\/02\/g021bc0c23010032f00ad376b85878893e836861f666638a00fa480261b3605807d5f128dac6f9a1aa9bb0c7da30da6e195174a8c54b02816239cd240a044936f_1280-4250552-300x200.jpg\" alt=\"floralis generic, argentina, buenos aires, park, monument, city, capital, nature, recoleta, buenos aires, buenos aires, buenos aires, buenos aires, buenos aires\" loading=\"lazy\" \/>\n\t\t\t\t<\/picture>\n\t\t\t\t<div class=\"spectra-image-gallery__media-thumbnail-blurrer\"><\/div>\n\t\t\t\t\t\t\t\t\t\t\t<div class=\"spectra-image-gallery__media-thumbnail-caption-wrapper spectra-image-gallery__media-thumbnail-caption-wrapper--overlay\">\n\t\t\t\t\t\t\t\t\t\t\t<div class=\"spectra-image-gallery__media-thumbnail-caption spectra-image-gallery__media-thumbnail-caption--overlay\">\n\t\t\t\t\tNo Caption\t\t\t\t<\/div>\n\t\t\t\t\t\t\t\t\t\t<\/div>\n\t\t\t\t\t\t\t\t\t<\/div>\n\t\t\t\t\t\t<\/div>\n\t\t\t\t\t\t<div class='spectra-image-gallery__media-wrapper' data-spectra-gallery-image-id='1703' tabindex=\"0\">\n\t\t\t\t\t\t\t<div class=\"spectra-image-gallery__media spectra-image-gallery__media--grid\">\n\t\t\t\t<picture>\n\t\t\t\t\t<source media=\"(min-width: 1024px)\" srcset=\"https:\/\/ceciconnects.com\/wp-content\/uploads\/2026\/02\/pexels-photo-34278627-34278627-686x1024.jpg\">\n\t\t\t\t\t<source media=\"(min-width: 768px)\" srcset=\"https:\/\/ceciconnects.com\/wp-content\/uploads\/2026\/02\/pexels-photo-34278627-34278627-686x1024.jpg\">\n\t\t\t\t\t<img decoding=\"async\" class=\"spectra-image-gallery__media-thumbnail spectra-image-gallery__media-thumbnail--grid\" src=\"https:\/\/ceciconnects.com\/wp-content\/uploads\/2026\/02\/pexels-photo-34278627-34278627-201x300.jpg\" alt=\"Hands holding a cold beverage outdoors, capturing a summer moment in Buenos Aires, Argentina.\" loading=\"lazy\" \/>\n\t\t\t\t<\/picture>\n\t\t\t\t<div class=\"spectra-image-gallery__media-thumbnail-blurrer\"><\/div>\n\t\t\t\t\t\t\t\t\t\t\t<div class=\"spectra-image-gallery__media-thumbnail-caption-wrapper spectra-image-gallery__media-thumbnail-caption-wrapper--overlay\">\n\t\t\t\t\t\t\t\t\t\t\t<div class=\"spectra-image-gallery__media-thumbnail-caption spectra-image-gallery__media-thumbnail-caption--overlay\">\n\t\t\t\t\tNo Caption\t\t\t\t<\/div>\n\t\t\t\t\t\t\t\t\t\t<\/div>\n\t\t\t\t\t\t\t\t\t<\/div>\n\t\t\t\t\t\t<\/div>\n\t\t\t\t\t\t\t\t\t\t<\/div>\n\t\t\t\t\t\t\t\t\t\t\t\t\t\t\t\t\t\t<\/div>\n\t\t\t\t\t\t\t\t\t\n\n\n<div class=\"wp-block-uagb-container uagb-block-660fc345 alignfull uagb-is-root-container\"><div class=\"uagb-container-inner-blocks-wrap\"><\/div><\/div>\n\n\n\n<div class=\"wp-block-uagb-info-box uagb-block-7b58cf5a uagb-infobox__content-wrap  uagb-infobox-icon-above-title uagb-infobox-image-valign-top\"><div class=\"uagb-ifb-content\"><div class=\"uagb-ifb-title-wrap\"><h3 class=\"uagb-ifb-title\"><mark style=\"background-color:rgba(0, 0, 0, 0)\" class=\"has-inline-color has-ast-global-color-3-color\">Sende Deine Anfrage, wenn Du wissen m\u00f6chtest, welches das n\u00e4chste Erlebnis sein wird.<br> Recuerda mencionar en qu\u00e9 fechas estar\u00edas interesado en participar. <\/mark><\/h3><\/div><\/div><\/div>\n\n\n\n<div class=\"wp-block-uagb-buttons uagb-buttons__outer-wrap uagb-btn__default-btn uagb-btn-tablet__default-btn uagb-btn-mobile__default-btn uagb-block-9f531933\"><div class=\"uagb-buttons__wrap uagb-buttons-layout-wrap\">\n<div class=\"wp-block-uagb-buttons-child uagb-buttons__outer-wrap uagb-block-520d21aa wp-block-button\"><div class=\"uagb-button__wrapper\"><a class=\"uagb-buttons-repeater wp-block-button__link\" aria-label=\"\" href=\"https:\/\/ceciconnects.com\/de\/contact\/\" rel=\"follow noopener\" target=\"_self\" role=\"button\"><div class=\"uagb-button__link\">HIER anfragen<\/div><\/a><\/div><\/div>\n<\/div><\/div>\n\n\n\n<div class=\"wp-block-uagb-container uagb-block-4778f58f alignfull uagb-is-root-container\"><div class=\"uagb-container-inner-blocks-wrap\"><\/div><\/div>\n\n\n\n<p><\/p>","protected":false},"excerpt":{"rendered":"<p>Erlebnisse<\/p>","protected":false},"author":1,"featured_media":0,"parent":0,"menu_order":0,"comment_status":"closed","ping_status":"closed","template":"","meta":{"_uag_custom_page_level_css":"","site-sidebar-layout":"default","site-content-layout":"","ast-site-content-layout":"default","site-content-style":"default","site-sidebar-style":"default","ast-global-header-display":"","ast-banner-title-visibility":"","ast-main-header-display":"","ast-hfb-above-header-display":"","ast-hfb-below-header-display":"","ast-hfb-mobile-header-display":"","site-post-title":"disabled","ast-breadcrumbs-content":"","ast-featured-img":"","footer-sml-layout":"","ast-disable-related-posts":"","theme-transparent-header-meta":"","adv-header-id-meta":"","stick-header-meta":"","header-above-stick-meta":"","header-main-stick-meta":"","header-below-stick-meta":"","astra-migrate-meta-layouts":"set","ast-page-background-enabled":"default","ast-page-background-meta":{"desktop":{"background-color":"","background-image":"","background-repeat":"repeat","background-position":"center center","background-size":"auto","background-attachment":"scroll","background-type":"","background-media":"","overlay-type":"","overlay-color":"","overlay-opacity":"","overlay-gradient":""},"tablet":{"background-color":"","background-image":"","background-repeat":"repeat","background-position":"center center","background-size":"auto","background-attachment":"scroll","background-type":"","background-media":"","overlay-type":"","overlay-color":"","overlay-opacity":"","overlay-gradient":""},"mobile":{"background-color":"","background-image":"","background-repeat":"repeat","background-position":"center center","background-size":"auto","background-attachment":"scroll","background-type":"","background-media":"","overlay-type":"","overlay-color":"","overlay-opacity":"","overlay-gradient":""}},"ast-content-background-meta":{"desktop":{"background-color":"var(--ast-global-color-5)","background-image":"","background-repeat":"repeat","background-position":"center center","background-size":"auto","background-attachment":"scroll","background-type":"","background-media":"","overlay-type":"","overlay-color":"","overlay-opacity":"","overlay-gradient":""},"tablet":{"background-color":"var(--ast-global-color-5)","background-image":"","background-repeat":"repeat","background-position":"center center","background-size":"auto","background-attachment":"scroll","background-type":"","background-media":"","overlay-type":"","overlay-color":"","overlay-opacity":"","overlay-gradient":""},"mobile":{"background-color":"var(--ast-global-color-5)","background-image":"","background-repeat":"repeat","background-position":"center center","background-size":"auto","background-attachment":"scroll","background-type":"","background-media":"","overlay-type":"","overlay-color":"","overlay-opacity":"","overlay-gradient":""}},"footnotes":""},"class_list":["post-915","page","type-page","status-publish","hentry"],"_hostinger_reach_plugin_has_subscription_block":false,"_hostinger_reach_plugin_is_elementor":false,"uagb_featured_image_src":{"full":false,"thumbnail":false,"medium":false,"medium_large":false,"large":false,"1536x1536":false,"2048x2048":false,"trp-custom-language-flag":false},"uagb_author_info":{"display_name":"cecilia.lopez.marino@gmail.com","author_link":"https:\/\/ceciconnects.com\/de\/author\/cecilia-lopez-marinogmail-com\/"},"uagb_comment_info":0,"uagb_excerpt":"Experiencias","_links":{"self":[{"href":"https:\/\/ceciconnects.com\/de\/wp-json\/wp\/v2\/pages\/915","targetHints":{"allow":["GET"]}}],"collection":[{"href":"https:\/\/ceciconnects.com\/de\/wp-json\/wp\/v2\/pages"}],"about":[{"href":"https:\/\/ceciconnects.com\/de\/wp-json\/wp\/v2\/types\/page"}],"author":[{"embeddable":true,"href":"https:\/\/ceciconnects.com\/de\/wp-json\/wp\/v2\/users\/1"}],"replies":[{"embeddable":true,"href":"https:\/\/ceciconnects.com\/de\/wp-json\/wp\/v2\/comments?post=915"}],"version-history":[{"count":28,"href":"https:\/\/ceciconnects.com\/de\/wp-json\/wp\/v2\/pages\/915\/revisions"}],"predecessor-version":[{"id":1707,"href":"https:\/\/ceciconnects.com\/de\/wp-json\/wp\/v2\/pages\/915\/revisions\/1707"}],"wp:attachment":[{"href":"https:\/\/ceciconnects.com\/de\/wp-json\/wp\/v2\/media?parent=915"}],"curies":[{"name":"wp","href":"https:\/\/api.w.org\/{rel}","templated":true}]}}