{"id":912,"date":"2025-12-16T15:24:18","date_gmt":"2025-12-16T15:24:18","guid":{"rendered":"https:\/\/ceciconnects.com\/?page_id=912"},"modified":"2026-02-23T15:42:31","modified_gmt":"2026-02-23T15:42:31","slug":"reserva-tus-clases","status":"publish","type":"page","link":"https:\/\/ceciconnects.com\/de\/reserva-tus-clases\/","title":{"rendered":"Termin buchen"},"content":{"rendered":"<div class=\"wp-block-uagb-container uagb-block-c8529dee alignfull uagb-is-root-container\"><div class=\"uagb-container-inner-blocks-wrap\">\n<div class=\"wp-block-uagb-advanced-heading uagb-block-b87ef8b1\"><h2 class=\"uagb-heading-text\">Termin buchen<\/h2><\/div>\n<\/div><\/div>\n\n\n\n<div class=\"wp-block-uagb-container uagb-block-91e0d4ac alignfull uagb-is-root-container\"><div class=\"uagb-container-inner-blocks-wrap\">\n<div class=\"wp-block-uagb-container uagb-block-ecabed0e\">\n<div class=\"wp-block-uagb-info-box uagb-block-6999755e uagb-infobox__content-wrap  uagb-infobox-icon-above-title uagb-infobox-image-valign-top wp-block-uagb-info-box--has-margin\"><div class=\"uagb-infobox-margin-wrapper\"><div class=\"uagb-ifb-content\"><div class=\"uagb-ifb-title-wrap\"><h6 class=\"uagb-ifb-title-prefix\"><strong>Terminkalender<\/strong><\/h6><h3 class=\"uagb-ifb-title\">Erstgespr\u00e4ch<\/h3><\/div><\/div><\/div><\/div>\n\n\n\n<div class=\"wp-block-uagb-info-box uagb-block-da9f5b1b uagb-infobox__content-wrap  uagb-infobox-icon-above-title uagb-infobox-image-valign-top wp-block-uagb-info-box--has-margin\"><div class=\"uagb-infobox-margin-wrapper\"><div class=\"uagb-ifb-content\"><div class=\"uagb-ifb-title-wrap\"><\/div><p class=\"uagb-ifb-desc\">Das Erstgespr\u00e4ch ist ein Raum der Begegnung.<br>Ein Gespr\u00e4ch, um Uns kennenzulernen, Deine Situation zu h\u00f6ren und zu verstehen, wonach Du suchst: Spanischunterricht, interkulturelle Begleitung oder eine Kombination aus beidem.<br>W\u00e4hrend des Gespr\u00e4chs sprechen Wir \u00fcber Deine Ziele, Deinen Kontext und ich h\u00f6re mir an, wie Du Dich heute in der Sprache ausdr\u00fcckst. Basierend auf diesem Gespr\u00e4ch kann ich Dich hinsichtlich der Art der Begleitung, des Formats, der H\u00e4ufigkeit und des Pakets beraten, die am besten zu Deiner Situation passen.<br>Es ist weder eine Pr\u00fcfung noch eine Unterrichtsstunde. Es ist ein erster Schritt, um mit Klarheit und Ruhe zu starten.<br><br><strong>Dauer:<\/strong> 30 Minuten<br><strong>Kosten:<\/strong> <strong>KOSTENLOS<\/strong><br>Verf\u00fcgbare Sprachen: Spanisch \u2013 Portugiesisch \u2013 Englisch \u2013 Deutsch.<br>Falls Du noch keine dieser Sprachen flie\u00dfend sprichst, kannst Du Mir schreiben und Wir schauen, wie Wir weiterkommen.<\/p><\/div><\/div><\/div>\n<\/div>\n\n\n\n<div class=\"wp-block-uagb-image uagb-block-43d77156 wp-block-uagb-image--layout-default wp-block-uagb-image--effect-static wp-block-uagb-image--align-none\" style=\"border-radius:8px\"><figure class=\"wp-block-uagb-image__figure\"><img decoding=\"async\" srcset=\"https:\/\/ceciconnects.com\/wp-content\/uploads\/2026\/02\/IMG-20260202-WA0096-768x1024.jpg ,https:\/\/ceciconnects.com\/wp-content\/uploads\/2026\/02\/IMG-20260202-WA0096-scaled.jpg 780w, https:\/\/ceciconnects.com\/wp-content\/uploads\/2026\/02\/IMG-20260202-WA0096-scaled.jpg 360w\" sizes=\"auto, (max-width: 480px) 150px\" src=\"https:\/\/ceciconnects.com\/wp-content\/uploads\/2026\/02\/IMG-20260202-WA0096-768x1024.jpg\" alt=\"\" class=\"uag-image-1662\" width=\"500\" height=\"600\" title=\"IMG-20260202-WA0096\" loading=\"lazy\" role=\"img\"\/><\/figure><\/div>\n<\/div><\/div>\n\n\n\n<div class=\"wp-block-uagb-container uagb-block-9c2e78d9 default uagb-is-root-container\">\n<div class=\"wp-block-uagb-buttons uagb-buttons__outer-wrap uagb-btn__default-btn uagb-btn-tablet__default-btn uagb-btn-mobile__default-btn uagb-block-5d6f5b4c\"><div class=\"uagb-buttons__wrap uagb-buttons-layout-wrap\">\n<div class=\"wp-block-uagb-buttons-child uagb-buttons__outer-wrap uagb-block-8227677f wp-block-button\"><div class=\"uagb-button__wrapper\"><a class=\"uagb-buttons-repeater wp-block-button__link\" aria-label=\"\" href=\"https:\/\/calendly.com\/ceci-connects-argentina\/30min\" rel=\"follow noopener\" target=\"_self\" role=\"button\"><div class=\"uagb-button__link\">JETZT TERMIN BUCHEN<\/div><\/a><\/div><\/div>\n\n\n\n<div class=\"wp-block-uagb-buttons-child uagb-buttons__outer-wrap uagb-block-e28be497 wp-block-button\"><div class=\"uagb-button__wrapper\"><a class=\"uagb-buttons-repeater wp-block-button__link\" aria-label=\"\" href=\"https:\/\/ceciconnects.com\/de\/contact\/\" rel=\"follow noopener\" target=\"_self\" role=\"button\"><div class=\"uagb-button__link\">SCHRIFTLICHE ANFRAGE<\/div><\/a><\/div><\/div>\n<\/div><\/div>\n<\/div>\n\n\n\n<div class=\"wp-block-uagb-container uagb-block-334e6fbb alignfull uagb-is-root-container\"><div class=\"uagb-container-inner-blocks-wrap\"><\/div><\/div>\n\n\n\n<p><\/p>","protected":false},"excerpt":{"rendered":"<p>Termin buchen<\/p>","protected":false},"author":1,"featured_media":0,"parent":0,"menu_order":0,"comment_status":"closed","ping_status":"closed","template":"","meta":{"_uag_custom_page_level_css":"","site-sidebar-layout":"default","site-content-layout":"","ast-site-content-layout":"default","site-content-style":"default","site-sidebar-style":"default","ast-global-header-display":"","ast-banner-title-visibility":"","ast-main-header-display":"","ast-hfb-above-header-display":"","ast-hfb-below-header-display":"","ast-hfb-mobile-header-display":"","site-post-title":"disabled","ast-breadcrumbs-content":"","ast-featured-img":"","footer-sml-layout":"","ast-disable-related-posts":"","theme-transparent-header-meta":"","adv-header-id-meta":"","stick-header-meta":"","header-above-stick-meta":"","header-main-stick-meta":"","header-below-stick-meta":"","astra-migrate-meta-layouts":"set","ast-page-background-enabled":"default","ast-page-background-meta":{"desktop":{"background-color":"","background-image":"","background-repeat":"repeat","background-position":"center center","background-size":"auto","background-attachment":"scroll","background-type":"","background-media":"","overlay-type":"","overlay-color":"","overlay-opacity":"","overlay-gradient":""},"tablet":{"background-color":"","background-image":"","background-repeat":"repeat","background-position":"center center","background-size":"auto","background-attachment":"scroll","background-type":"","background-media":"","overlay-type":"","overlay-color":"","overlay-opacity":"","overlay-gradient":""},"mobile":{"background-color":"","background-image":"","background-repeat":"repeat","background-position":"center center","background-size":"auto","background-attachment":"scroll","background-type":"","background-media":"","overlay-type":"","overlay-color":"","overlay-opacity":"","overlay-gradient":""}},"ast-content-background-meta":{"desktop":{"background-color":"var(--ast-global-color-5)","background-image":"","background-repeat":"repeat","background-position":"center center","background-size":"auto","background-attachment":"scroll","background-type":"","background-media":"","overlay-type":"","overlay-color":"","overlay-opacity":"","overlay-gradient":""},"tablet":{"background-color":"var(--ast-global-color-5)","background-image":"","background-repeat":"repeat","background-position":"center center","background-size":"auto","background-attachment":"scroll","background-type":"","background-media":"","overlay-type":"","overlay-color":"","overlay-opacity":"","overlay-gradient":""},"mobile":{"background-color":"var(--ast-global-color-5)","background-image":"","background-repeat":"repeat","background-position":"center center","background-size":"auto","background-attachment":"scroll","background-type":"","background-media":"","overlay-type":"","overlay-color":"","overlay-opacity":"","overlay-gradient":""}},"footnotes":""},"class_list":["post-912","page","type-page","status-publish","hentry"],"_hostinger_reach_plugin_has_subscription_block":false,"_hostinger_reach_plugin_is_elementor":false,"uagb_featured_image_src":{"full":false,"thumbnail":false,"medium":false,"medium_large":false,"large":false,"1536x1536":false,"2048x2048":false,"trp-custom-language-flag":false},"uagb_author_info":{"display_name":"cecilia.lopez.marino@gmail.com","author_link":"https:\/\/ceciconnects.com\/de\/author\/cecilia-lopez-marinogmail-com\/"},"uagb_comment_info":0,"uagb_excerpt":"Reserv\u00e1 aqu\u00ed","_links":{"self":[{"href":"https:\/\/ceciconnects.com\/de\/wp-json\/wp\/v2\/pages\/912","targetHints":{"allow":["GET"]}}],"collection":[{"href":"https:\/\/ceciconnects.com\/de\/wp-json\/wp\/v2\/pages"}],"about":[{"href":"https:\/\/ceciconnects.com\/de\/wp-json\/wp\/v2\/types\/page"}],"author":[{"embeddable":true,"href":"https:\/\/ceciconnects.com\/de\/wp-json\/wp\/v2\/users\/1"}],"replies":[{"embeddable":true,"href":"https:\/\/ceciconnects.com\/de\/wp-json\/wp\/v2\/comments?post=912"}],"version-history":[{"count":22,"href":"https:\/\/ceciconnects.com\/de\/wp-json\/wp\/v2\/pages\/912\/revisions"}],"predecessor-version":[{"id":1708,"href":"https:\/\/ceciconnects.com\/de\/wp-json\/wp\/v2\/pages\/912\/revisions\/1708"}],"wp:attachment":[{"href":"https:\/\/ceciconnects.com\/de\/wp-json\/wp\/v2\/media?parent=912"}],"curies":[{"name":"wp","href":"https:\/\/api.w.org\/{rel}","templated":true}]}}