{"id":905,"date":"2025-12-16T15:29:40","date_gmt":"2025-12-16T15:29:40","guid":{"rendered":"https:\/\/ceciconnects.com\/?page_id=905"},"modified":"2026-02-24T02:46:07","modified_gmt":"2026-02-24T02:46:07","slug":"aprender-espanol","status":"publish","type":"page","link":"https:\/\/ceciconnects.com\/de\/aprender-espanol\/","title":{"rendered":"Spanischunterricht"},"content":{"rendered":"<div class=\"wp-block-uagb-container uagb-block-c8529dee alignfull uagb-is-root-container\"><div class=\"uagb-container-inner-blocks-wrap\">\n<div class=\"wp-block-uagb-advanced-heading uagb-block-b87ef8b1\"><h2 class=\"uagb-heading-text\">Spanischunterricht<\/h2><\/div>\n<\/div><\/div>\n\n\n\n<div style=\"height:86px\" aria-hidden=\"true\" class=\"wp-block-spacer\"><\/div>\n\n\n\n<div class=\"wp-block-uagb-info-box uagb-block-d134e798 uagb-infobox__content-wrap  uagb-infobox-icon-above-title uagb-infobox-image-valign-top wp-block-uagb-info-box--has-margin\"><div class=\"uagb-infobox-margin-wrapper\"><div class=\"uagb-ifb-content\"><div class=\"uagb-ifb-icon-wrap\"><svg xmlns=\"https:\/\/www.w3.org\/2000\/svg\" viewbox=\"0 0 576 512\"><path d=\"M408 120C408 174.6 334.9 271.9 302.8 311.1C295.1 321.6 280.9 321.6 273.2 311.1C241.1 271.9 168 174.6 168 120C168 53.73 221.7 0 288 0C354.3 0 408 53.73 408 120zM288 152C310.1 152 328 134.1 328 112C328 89.91 310.1 72 288 72C265.9 72 248 89.91 248 112C248 134.1 265.9 152 288 152zM425.6 179.8C426.1 178.6 426.6 177.4 427.1 176.1L543.1 129.7C558.9 123.4 576 135 576 152V422.8C576 432.6 570 441.4 560.9 445.1L416 503V200.4C419.5 193.5 422.7 186.7 425.6 179.8zM150.4 179.8C153.3 186.7 156.5 193.5 160 200.4V451.8L32.91 502.7C17.15 508.1 0 497.4 0 480.4V209.6C0 199.8 5.975 190.1 15.09 187.3L137.6 138.3C140 152.5 144.9 166.6 150.4 179.8H150.4zM327.8 331.1C341.7 314.6 363.5 286.3 384 255V504.3L192 449.4V255C212.5 286.3 234.3 314.6 248.2 331.1C268.7 357.6 307.3 357.6 327.8 331.1L327.8 331.1z\"><\/path><\/svg><\/div><div class=\"uagb-ifb-title-wrap\"><\/div><p class=\"uagb-ifb-desc\"><br><strong>Wenn Du in Lateinamerika lebst, arbeitest oder reist;<br>wenn Du das Gef\u00fchl hast, dass das, was Du bisher gelernt hast, zu akademisch und kaum im Alltag anwendbar war,<br>oder wenn Du bereits Spanisch sprichst, es Dir aber schwerf\u00e4llt, zu sprechen, zu schreiben oder echten Gespr\u00e4chen zu folgen \u2013<br>dann ist dieser Raum genau richtig f\u00fcr Dich.<\/strong><\/p><\/div><\/div><\/div>\n\n\n\n<div class=\"wp-block-uagb-container uagb-block-fe6893de alignfull uagb-is-root-container\"><div class=\"uagb-container-inner-blocks-wrap\">\n<div class=\"wp-block-uagb-container uagb-block-5aee6491\">\n<div class=\"wp-block-uagb-advanced-heading uagb-block-56fb223d\"><h2 class=\"uagb-heading-text\">Das wirst Du erreichen:<\/h2><\/div>\n\n\n\n<ul class=\"wp-block-list\">\n<li style=\"font-size:18px\">Mehr Sicherheit in allt\u00e4glichen Gespr\u00e4chen gewinnen<\/li>\n\n\n\n<li style=\"font-size:18px\">Typische Ausdr\u00fccke und Redewendungen des allt\u00e4glichen Spanisch verstehen<\/li>\n\n\n\n<li style=\"font-size:18px\">Nachrichten, E-Mails und Texte klarer und ohne Blockaden schreiben<\/li>\n\n\n\n<li style=\"font-size:18px\">Lernen durch Anwendung \u2013 und nicht nur durch das reine Auswendiglernen von Regeln<\/li>\n\n\n\n<li style=\"font-size:18px\">Das soziale und kulturelle Leben im spanischsprachigen Umfeld aktiv erleben und genie\u00dfen.<br><\/li>\n<\/ul>\n<\/div>\n\n\n\n<div class=\"wp-block-group alignwide is-horizontal is-content-justification-center is-nowrap is-layout-flex wp-container-core-group-is-layout-24e631de wp-block-group-is-layout-flex\" style=\"margin-top:0;margin-bottom:0;padding-top:0;padding-right:0;padding-bottom:0;padding-left:0;font-size:18px\">\n<div class=\"wp-block-uagb-container uagb-block-74fe13d9\">\n<p><\/p>\n\n\n      \n\t\t\t<div class=\"uagb-icon-wrapper uagb-block-2cf993ba  wp-block-uagb-icon--has-margin\"\n\t\t\tstyle=\"\" >\n\t\t\t\t\t\t\t\t<div class='uagb-icon-margin-wrapper'>\n\t\t\t\t\t\t\t\t\t<span class=\"uagb-svg-wrapper\" \n\t\t\t\t\t aria-label=\"comments\"\t\t\t\t\ttabindex=\"0\">\t\t\n\t\t\t\t\t\t\t\t\t\t<svg xmlns=\"https:\/\/www.w3.org\/2000\/svg\" viewbox= \"0 0 640 512\" role=\"graphics-symbol\" aria-hidden=\"false\" aria-label=\"\"><path d=\"M416 176C416 78.8 322.9 0 208 0S0 78.8 0 176c0 39.57 15.62 75.96 41.67 105.4c-16.39 32.76-39.23 57.32-39.59 57.68c-2.1 2.205-2.67 5.475-1.441 8.354C1.9 350.3 4.602 352 7.66 352c38.35 0 70.76-11.12 95.74-24.04C134.2 343.1 169.8 352 208 352C322.9 352 416 273.2 416 176zM599.6 443.7C624.8 413.9 640 376.6 640 336C640 238.8 554 160 448 160c-.3145 0-.6191 .041-.9336 .043C447.5 165.3 448 170.6 448 176c0 98.62-79.68 181.2-186.1 202.5C282.7 455.1 357.1 512 448 512c33.69 0 65.32-8.008 92.85-21.98C565.2 502 596.1 512 632.3 512c3.059 0 5.76-1.725 7.02-4.605c1.229-2.879 .6582-6.148-1.441-8.354C637.6 498.7 615.9 475.3 599.6 443.7z\"><\/path><\/svg>\n\t\t\t\t\t\t\t\t\t<\/span>\n\t\t\t\t\t\t\t\t<\/div>\n\t\t\t\t\t\t\t<\/div>\n\t\t\t\n\n\n<div class=\"wp-block-uagb-advanced-heading uagb-block-82fbf8f3\"><h3 class=\"uagb-heading-text\">Wie die Stunden aussehen<\/h3><\/div>\n\n\n\n<div class=\"wp-block-uagb-icon-list uagb-block-b85051e3\"><div class=\"uagb-icon-list__wrap\">\n<div class=\"wp-block-uagb-icon-list-child uagb-block-b454f265\"><span class=\"uagb-icon-list__source-wrap\"><svg xmlns=\"https:\/\/www.w3.org\/2000\/svg\" viewbox=\"0 0 512 512\"><path d=\"M256 0C114.6 0 0 114.6 0 256c0 141.4 114.6 256 256 256s256-114.6 256-256C512 114.6 397.4 0 256 0zM406.6 278.6l-103.1 103.1c-12.5 12.5-32.75 12.5-45.25 0s-12.5-32.75 0-45.25L306.8 288H128C110.3 288 96 273.7 96 256s14.31-32 32-32h178.8l-49.38-49.38c-12.5-12.5-12.5-32.75 0-45.25s32.75-12.5 45.25 0l103.1 103.1C414.6 241.3 416 251.1 416 256C416 260.9 414.6 270.7 406.6 278.6z\"><\/path><\/svg><\/span><span class=\"uagb-icon-list__label\">Einzelunterricht 1:1 und\/oder in Kleingruppen<\/span><\/div>\n\n\n\n<div class=\"wp-block-uagb-icon-list-child uagb-block-a0519fea\"><span class=\"uagb-icon-list__source-wrap\"><svg xmlns=\"https:\/\/www.w3.org\/2000\/svg\" viewbox=\"0 0 512 512\"><path d=\"M256 0C114.6 0 0 114.6 0 256c0 141.4 114.6 256 256 256s256-114.6 256-256C512 114.6 397.4 0 256 0zM406.6 278.6l-103.1 103.1c-12.5 12.5-32.75 12.5-45.25 0s-12.5-32.75 0-45.25L306.8 288H128C110.3 288 96 273.7 96 256s14.31-32 32-32h178.8l-49.38-49.38c-12.5-12.5-12.5-32.75 0-45.25s32.75-12.5 45.25 0l103.1 103.1C414.6 241.3 416 251.1 416 256C416 260.9 414.6 270.7 406.6 278.6z\"><\/path><\/svg><\/span><span class=\"uagb-icon-list__label\">Praxisorientierter und kommunikativer Ansatz<\/span><\/div>\n\n\n\n<div class=\"wp-block-uagb-icon-list-child uagb-block-ed7b4818\"><span class=\"uagb-icon-list__source-wrap\"><svg xmlns=\"https:\/\/www.w3.org\/2000\/svg\" viewbox=\"0 0 512 512\"><path d=\"M256 0C114.6 0 0 114.6 0 256c0 141.4 114.6 256 256 256s256-114.6 256-256C512 114.6 397.4 0 256 0zM406.6 278.6l-103.1 103.1c-12.5 12.5-32.75 12.5-45.25 0s-12.5-32.75 0-45.25L306.8 288H128C110.3 288 96 273.7 96 256s14.31-32 32-32h178.8l-49.38-49.38c-12.5-12.5-12.5-32.75 0-45.25s32.75-12.5 45.25 0l103.1 103.1C414.6 241.3 416 251.1 416 256C416 260.9 414.6 270.7 406.6 278.6z\"><\/path><\/svg><\/span><span class=\"uagb-icon-list__label\">Lerntempo und Inhalte, die an Dich angepasst sind<\/span><\/div>\n\n\n\n<div class=\"wp-block-uagb-icon-list-child uagb-block-1cf2970c\"><span class=\"uagb-icon-list__source-wrap\"><svg xmlns=\"https:\/\/www.w3.org\/2000\/svg\" viewbox=\"0 0 512 512\"><path d=\"M256 0C114.6 0 0 114.6 0 256c0 141.4 114.6 256 256 256s256-114.6 256-256C512 114.6 397.4 0 256 0zM406.6 278.6l-103.1 103.1c-12.5 12.5-32.75 12.5-45.25 0s-12.5-32.75 0-45.25L306.8 288H128C110.3 288 96 273.7 96 256s14.31-32 32-32h178.8l-49.38-49.38c-12.5-12.5-12.5-32.75 0-45.25s32.75-12.5 45.25 0l103.1 103.1C414.6 241.3 416 251.1 416 256C416 260.9 414.6 270.7 406.6 278.6z\"><\/path><\/svg><\/span><span class=\"uagb-icon-list__label\">Online-Modalit\u00e4t und\/oder Pr\u00e4senzunterricht je nach Verf\u00fcgbarkeit<\/span><\/div>\n<\/div><\/div>\n<\/div>\n<\/div>\n<\/div><\/div>\n\n\n\n<div style=\"height:17px\" aria-hidden=\"true\" class=\"wp-block-spacer\"><\/div>\n\n\n\n<div style=\"height:37px\" aria-hidden=\"true\" class=\"wp-block-spacer\"><\/div>\n\n\n\n<div class=\"wp-block-uagb-advanced-heading uagb-block-92f00c4d\"><h2 class=\"uagb-heading-text\">Wie fangen Wir an?<\/h2><\/div>\n\n\n\n<div class=\"wp-block-uagb-separator uagb-block-d9964aef\"><div class=\"wp-block-uagb-separator__inner\" style=\"--my-background-image:\"><\/div><\/div>\n\n\n\n<div class=\"wp-block-uagb-info-box uagb-block-ae972053 uagb-infobox__content-wrap  uagb-infobox-icon-above-title uagb-infobox-image-valign-top\"><div class=\"uagb-ifb-content\"><div class=\"uagb-ifb-icon-wrap\"><svg xmlns=\"https:\/\/www.w3.org\/2000\/svg\" viewbox=\"0 0 512 512\"><path d=\"M0 256C0 114.6 114.6 0 256 0C397.4 0 512 114.6 512 256C512 397.4 397.4 512 256 512C114.6 512 0 397.4 0 256zM371.8 211.8C382.7 200.9 382.7 183.1 371.8 172.2C360.9 161.3 343.1 161.3 332.2 172.2L224 280.4L179.8 236.2C168.9 225.3 151.1 225.3 140.2 236.2C129.3 247.1 129.3 264.9 140.2 275.8L204.2 339.8C215.1 350.7 232.9 350.7 243.8 339.8L371.8 211.8z\"><\/path><\/svg><\/div><div class=\"uagb-ifb-title-wrap\"><h3 class=\"uagb-ifb-title\">Schritt 1 <strong>\u00b7<\/strong> Buche Dein kostenloses Erstgespr\u00e4ch (30 Minuten)<\/h3><\/div><p class=\"uagb-ifb-desc\"><br>Das Gespr\u00e4ch dient dazu, <strong>uns kennenzulernen, Deine Ziele zu formulieren und Dich zu dem Programm zu f\u00fchren,<\/strong> das am besten zu Dir passt. Wir legen das Format und die H\u00e4ufigkeit unserer Treffen fest.<br>\ud83d\udccc Das Gespr\u00e4ch k\u00f6nnen wir auf <strong>Spanisch, Portugiesisch, Englisch oder Deutsch<\/strong> f\u00fchren, je nachdem, was f\u00fcr Dich am angenehmsten ist.<br>Wenn Du keine dieser Sprachen sprichst, ist das kein Problem: Schreib Mir Deine Anfrage und wir suchen nach dem besten Weg, um uns zu verst\u00e4ndigen.<br>\ud83d\udc49 <strong>Buche Dein Gespr\u00e4ch direkt \u00fcber den Kalender.<\/strong><\/p><\/div><\/div>\n\n\n\n<div class=\"wp-block-uagb-buttons uagb-buttons__outer-wrap uagb-btn__extralarge-btn uagb-btn-tablet__default-btn uagb-btn-mobile__default-btn uagb-block-dab02870\"><div class=\"uagb-buttons__wrap uagb-buttons-layout-wrap\">\n<div class=\"wp-block-uagb-buttons-child uagb-buttons__outer-wrap uagb-block-159a2c11 wp-block-button\"><div class=\"uagb-button__wrapper\"><a class=\"uagb-buttons-repeater wp-block-button__link\" aria-label=\"\" href=\"https:\/\/ceciconnects.com\/de\/reserva-tus-clases\/\" rel=\"follow noopener\" target=\"_self\" role=\"button\"><div class=\"uagb-button__link\">Vereinbare Deinen Termin<\/div><\/a><\/div><\/div>\n<\/div><\/div>\n\n\n\n<div class=\"wp-block-uagb-info-box uagb-block-209f8f52 uagb-infobox__content-wrap  uagb-infobox-icon-above-title uagb-infobox-image-valign-top\"><div class=\"uagb-ifb-content\"><div class=\"uagb-ifb-icon-wrap\"><svg xmlns=\"https:\/\/www.w3.org\/2000\/svg\" viewbox=\"0 0 512 512\"><path d=\"M0 256C0 114.6 114.6 0 256 0C397.4 0 512 114.6 512 256C512 397.4 397.4 512 256 512C114.6 512 0 397.4 0 256zM371.8 211.8C382.7 200.9 382.7 183.1 371.8 172.2C360.9 161.3 343.1 161.3 332.2 172.2L224 280.4L179.8 236.2C168.9 225.3 151.1 225.3 140.2 236.2C129.3 247.1 129.3 264.9 140.2 275.8L204.2 339.8C215.1 350.7 232.9 350.7 243.8 339.8L371.8 211.8z\"><\/path><\/svg><\/div><div class=\"uagb-ifb-title-wrap\"><h3 class=\"uagb-ifb-title\">Schritt 2 <strong>\u00b7<\/strong> W\u00e4hle Dein Paket aus<\/h3><\/div><p class=\"uagb-ifb-desc\"><strong>Nach dem Gespr\u00e4ch<\/strong>,erh\u00e4ltst Du einen Link mit allen Optionen f\u00fcr Unterrichtspakete.<br>Du kannst das Paket w\u00e4hlen, das am besten zu Deiner Situation, Deinen Zielen und Deinem Lerntempo passt.<\/p><\/div><\/div>\n\n\n\n<div class=\"wp-block-uagb-info-box uagb-block-109d84c6 uagb-infobox__content-wrap  uagb-infobox-icon-above-title uagb-infobox-image-valign-top\"><div class=\"uagb-ifb-content\"><div class=\"uagb-ifb-icon-wrap\"><svg xmlns=\"https:\/\/www.w3.org\/2000\/svg\" viewbox=\"0 0 512 512\"><path d=\"M0 256C0 114.6 114.6 0 256 0C397.4 0 512 114.6 512 256C512 397.4 397.4 512 256 512C114.6 512 0 397.4 0 256zM371.8 211.8C382.7 200.9 382.7 183.1 371.8 172.2C360.9 161.3 343.1 161.3 332.2 172.2L224 280.4L179.8 236.2C168.9 225.3 151.1 225.3 140.2 236.2C129.3 247.1 129.3 264.9 140.2 275.8L204.2 339.8C215.1 350.7 232.9 350.7 243.8 339.8L371.8 211.8z\"><\/path><\/svg><\/div><div class=\"uagb-ifb-title-wrap\"><h3 class=\"uagb-ifb-title\">Schritt 3 <strong>\u00b7<\/strong> Genie\u00dfe Deinen Unterricht<\/h3><\/div><p class=\"uagb-ifb-desc\">Im Laufe des Prozesses werden wir uns gegenseitig Feedback geben, um Deinen Fortschritt zu begleiten und bei Bedarf Anpassungen vorzunehmen. <br><\/p><\/div><\/div>\n\n\n\n<div class=\"wp-block-uagb-info-box uagb-block-f2d732a9 uagb-infobox__content-wrap  uagb-infobox-icon-above-title uagb-infobox-image-valign-top\"><div class=\"uagb-ifb-content\"><div class=\"uagb-ifb-icon-wrap\"><svg xmlns=\"https:\/\/www.w3.org\/2000\/svg\" viewbox=\"0 0 576 512\"><path d=\"M544 32C561.7 32 576 46.33 576 64C576 81.67 561.7 96 544 96H504V160H576V288C522.1 288 480 330.1 480 384V448C480 465.7 465.7 480 448 480H416C398.3 480 384 465.7 384 448V384C384 330.1 341 288 288 288C234.1 288 192 330.1 192 384V448C192 465.7 177.7 480 160 480H128C110.3 480 96 465.7 96 448V384C96 330.1 53.02 288 0 288V160H72V96H32C14.33 96 0 81.67 0 64C0 46.33 14.33 32 32 32H544zM456 96H376V160H456V96zM248 96V160H328V96H248zM200 96H120V160H200V96z\"><\/path><\/svg><\/div><div class=\"uagb-ifb-title-wrap\"><\/div><p class=\"uagb-ifb-desc\">Eine Sprache zu lernen bedeutet nicht nur, W\u00f6rter zu pauken.<br>Es geht darum, sich zu trauen zu sprechen, zu verstehen, was um Dich herum passiert, und eine eigene Ausdrucksweise zu finden.<br><br>Deshalb ist mein Unterricht auf ein <strong>klares, praktisches und nachhaltiges Lernen ausgelegt<\/strong>. Ein Lernen, das sich an Dein Tempo, Deine Ziele und den Kontext, in dem Du kommunizieren m\u00f6chtest, anpasst.<br><br>Der Unterricht basiert auf dem <strong>argentinischen und rioplatensischen Spanisch<\/strong> \u2013 so wie es im Alltag gesprochen wird \u2013<br>und bezieht andere hispanische Kontexte mit ein, je nachdem, welches Land und welche Lebensrealit\u00e4t Dich interessieren.<br><br>Ein nahbarer und f\u00fcrsorglicher Lernraum,<br>damit die Sprache aufh\u00f6rt, eine Barriere zu sein,<br>und zu einer <strong>Br\u00fccke<\/strong> zwischen Menschen, Kulturen und zwischen Dir und Deinem Umfeld wird.<\/p><\/div><\/div>\n\n\n\n<p><\/p>","protected":false},"excerpt":{"rendered":"<p>Clases de espa\u00f1ol Qu\u00e9 vas a lograr: C\u00f3mo son las clases \u00bfC\u00f3mo empezamos?<\/p>","protected":false},"author":1,"featured_media":0,"parent":0,"menu_order":0,"comment_status":"closed","ping_status":"closed","template":"","meta":{"_uag_custom_page_level_css":"","site-sidebar-layout":"default","site-content-layout":"","ast-site-content-layout":"default","site-content-style":"default","site-sidebar-style":"default","ast-global-header-display":"","ast-banner-title-visibility":"","ast-main-header-display":"","ast-hfb-above-header-display":"","ast-hfb-below-header-display":"","ast-hfb-mobile-header-display":"","site-post-title":"disabled","ast-breadcrumbs-content":"","ast-featured-img":"disabled","footer-sml-layout":"","ast-disable-related-posts":"","theme-transparent-header-meta":"disabled","adv-header-id-meta":"","stick-header-meta":"","header-above-stick-meta":"","header-main-stick-meta":"","header-below-stick-meta":"","astra-migrate-meta-layouts":"set","ast-page-background-enabled":"default","ast-page-background-meta":{"desktop":{"background-color":"","background-image":"","background-repeat":"repeat","background-position":"center center","background-size":"auto","background-attachment":"scroll","background-type":"","background-media":"","overlay-type":"","overlay-color":"","overlay-opacity":"","overlay-gradient":""},"tablet":{"background-color":"","background-image":"","background-repeat":"repeat","background-position":"center center","background-size":"auto","background-attachment":"scroll","background-type":"","background-media":"","overlay-type":"","overlay-color":"","overlay-opacity":"","overlay-gradient":""},"mobile":{"background-color":"","background-image":"","background-repeat":"repeat","background-position":"center center","background-size":"auto","background-attachment":"scroll","background-type":"","background-media":"","overlay-type":"","overlay-color":"","overlay-opacity":"","overlay-gradient":""}},"ast-content-background-meta":{"desktop":{"background-color":"var(--ast-global-color-5)","background-image":"","background-repeat":"repeat","background-position":"center center","background-size":"auto","background-attachment":"scroll","background-type":"","background-media":"","overlay-type":"","overlay-color":"","overlay-opacity":"","overlay-gradient":""},"tablet":{"background-color":"var(--ast-global-color-5)","background-image":"","background-repeat":"repeat","background-position":"center center","background-size":"auto","background-attachment":"scroll","background-type":"","background-media":"","overlay-type":"","overlay-color":"","overlay-opacity":"","overlay-gradient":""},"mobile":{"background-color":"var(--ast-global-color-5)","background-image":"","background-repeat":"repeat","background-position":"center center","background-size":"auto","background-attachment":"scroll","background-type":"","background-media":"","overlay-type":"","overlay-color":"","overlay-opacity":"","overlay-gradient":""}},"footnotes":""},"class_list":["post-905","page","type-page","status-publish","hentry"],"_hostinger_reach_plugin_has_subscription_block":false,"_hostinger_reach_plugin_is_elementor":false,"uagb_featured_image_src":{"full":false,"thumbnail":false,"medium":false,"medium_large":false,"large":false,"1536x1536":false,"2048x2048":false,"trp-custom-language-flag":false},"uagb_author_info":{"display_name":"cecilia.lopez.marino@gmail.com","author_link":"https:\/\/ceciconnects.com\/de\/author\/cecilia-lopez-marinogmail-com\/"},"uagb_comment_info":0,"uagb_excerpt":"Clases de espa\u00f1ol Qu\u00e9 vas a lograr: C\u00f3mo son las clases \u00bfC\u00f3mo empezamos?","_links":{"self":[{"href":"https:\/\/ceciconnects.com\/de\/wp-json\/wp\/v2\/pages\/905","targetHints":{"allow":["GET"]}}],"collection":[{"href":"https:\/\/ceciconnects.com\/de\/wp-json\/wp\/v2\/pages"}],"about":[{"href":"https:\/\/ceciconnects.com\/de\/wp-json\/wp\/v2\/types\/page"}],"author":[{"embeddable":true,"href":"https:\/\/ceciconnects.com\/de\/wp-json\/wp\/v2\/users\/1"}],"replies":[{"embeddable":true,"href":"https:\/\/ceciconnects.com\/de\/wp-json\/wp\/v2\/comments?post=905"}],"version-history":[{"count":137,"href":"https:\/\/ceciconnects.com\/de\/wp-json\/wp\/v2\/pages\/905\/revisions"}],"predecessor-version":[{"id":1746,"href":"https:\/\/ceciconnects.com\/de\/wp-json\/wp\/v2\/pages\/905\/revisions\/1746"}],"wp:attachment":[{"href":"https:\/\/ceciconnects.com\/de\/wp-json\/wp\/v2\/media?parent=905"}],"curies":[{"name":"wp","href":"https:\/\/api.w.org\/{rel}","templated":true}]}}