{"id":8,"date":"2025-12-15T22:31:00","date_gmt":"2025-12-15T22:31:00","guid":{"rendered":"http:\/\/ceciconnects.com\/services\/"},"modified":"2026-02-23T15:19:39","modified_gmt":"2026-02-23T15:19:39","slug":"services","status":"publish","type":"page","link":"https:\/\/ceciconnects.com\/de\/services\/","title":{"rendered":"Mentoring"},"content":{"rendered":"<div class=\"wp-block-uagb-container uagb-block-8d5e00ba alignfull uagb-is-root-container\"><div class=\"uagb-container-inner-blocks-wrap\"><\/div><\/div>\n\n\n\n<div class=\"wp-block-uagb-container uagb-block-c8529dee alignfull uagb-is-root-container\"><div class=\"uagb-container-inner-blocks-wrap\">\n<div class=\"wp-block-uagb-advanced-heading uagb-block-b87ef8b1\"><h2 class=\"uagb-heading-text\">Interkulturelles Mentoring<\/h2><\/div>\n<\/div><\/div>\n\n\n\n<div class=\"wp-block-uagb-container uagb-block-1a109891 alignfull uagb-is-root-container\"><div class=\"uagb-container-inner-blocks-wrap\">\n<div class=\"wp-block-group is-horizontal is-content-justification-center is-nowrap is-layout-flex wp-container-core-group-is-layout-2256e7f1 wp-block-group-is-layout-flex\">\n<div class=\"wp-block-uagb-container uagb-block-ddfcd18f\">\n<div class=\"wp-block-uagb-info-box uagb-block-081377de uagb-infobox__content-wrap  uagb-infobox-icon-above-title uagb-infobox-image-valign-top wp-block-uagb-info-box--has-margin\"><div class=\"uagb-infobox-margin-wrapper\"><div class=\"uagb-ifb-content\"><div class=\"uagb-ifb-icon-wrap\"><svg xmlns=\"https:\/\/www.w3.org\/2000\/svg\" viewbox=\"0 0 512 512\"><path d=\"M512 256C512 397.4 397.4 512 256 512C114.6 512 0 397.4 0 256C0 114.6 114.6 0 256 0C397.4 0 512 114.6 512 256zM57.71 192.1L67.07 209.4C75.36 223.9 88.99 234.6 105.1 239.2L162.1 255.7C180.2 260.6 192 276.3 192 294.2V334.1C192 345.1 198.2 355.1 208 359.1C217.8 364.9 224 374.9 224 385.9V424.9C224 440.5 238.9 451.7 253.9 447.4C270.1 442.8 282.5 429.1 286.6 413.7L289.4 402.5C293.6 385.6 304.6 371.1 319.7 362.4L327.8 357.8C342.8 349.3 352 333.4 352 316.1V307.9C352 295.1 346.9 282.9 337.9 273.9L334.1 270.1C325.1 261.1 312.8 255.1 300.1 255.1H256.1C245.9 255.1 234.9 253.1 225.2 247.6L190.7 227.8C186.4 225.4 183.1 221.4 181.6 216.7C178.4 207.1 182.7 196.7 191.7 192.1L197.7 189.2C204.3 185.9 211.9 185.3 218.1 187.7L242.2 195.4C250.3 198.1 259.3 195 264.1 187.9C268.8 180.8 268.3 171.5 262.9 165L249.3 148.8C239.3 136.8 239.4 119.3 249.6 107.5L265.3 89.12C274.1 78.85 275.5 64.16 268.8 52.42L266.4 48.26C262.1 48.09 259.5 48 256 48C163.1 48 84.4 108.9 57.71 192.1L57.71 192.1zM437.6 154.5L412 164.8C396.3 171.1 388.2 188.5 393.5 204.6L410.4 255.3C413.9 265.7 422.4 273.6 433 276.3L462.2 283.5C463.4 274.5 464 265.3 464 256C464 219.2 454.4 184.6 437.6 154.5H437.6z\"><\/path><\/svg><\/div><div class=\"uagb-ifb-title-wrap\"><\/div><p class=\"uagb-ifb-desc\">In einem anderen Land zu leben, zu arbeiten oder zu studieren \u2013 oder in einem anderen kulturellen Umfeld \u2013 er\u00f6ffnet neue Welten.<br>Es gibt Begegnungen, die begeistern, Gesten, die man im Vorbeigehen lernt, und Worte, die ein anderes Gewicht bekommen. Und es gibt auch Momente, in denen etwas nicht ganz zusammenpasst.<br>Das interkulturelle Mentoring ist ein <strong>gesch\u00fctzter Raum,<\/strong> um diesen Erfahrungen Worte zu geben und sie in Werkzeuge zu verwandeln, damit Du Dich mit mehr Klarheit und Vertrauen in Deinem Alltag bewegen kannst.<\/p><\/div><\/div><\/div>\n<\/div>\n<\/div>\n\n\n\n<div class=\"wp-block-uagb-container uagb-block-449d4566\">\n<div class=\"wp-block-uagb-image uagb-block-7dd03002 wp-block-uagb-image--layout-default wp-block-uagb-image--effect-static wp-block-uagb-image--align-none\" style=\"border-radius:8px\"><figure class=\"wp-block-uagb-image__figure\"><img decoding=\"async\" srcset=\"https:\/\/ceciconnects.com\/wp-content\/uploads\/2026\/02\/g4ac57e3eb2e3c0f65ebdad3d0556746c6a44fa0eb31758eeb79ce977a8fb441621cbd6ca755e7c64969c0f11f5805e45e71da4e356a67decea5fd2eecfaa09bb_1280-4529717-1024x682.jpg ,https:\/\/ceciconnects.com\/wp-content\/uploads\/2026\/02\/g4ac57e3eb2e3c0f65ebdad3d0556746c6a44fa0eb31758eeb79ce977a8fb441621cbd6ca755e7c64969c0f11f5805e45e71da4e356a67decea5fd2eecfaa09bb_1280-4529717.jpg 780w, https:\/\/ceciconnects.com\/wp-content\/uploads\/2026\/02\/g4ac57e3eb2e3c0f65ebdad3d0556746c6a44fa0eb31758eeb79ce977a8fb441621cbd6ca755e7c64969c0f11f5805e45e71da4e356a67decea5fd2eecfaa09bb_1280-4529717.jpg 360w\" sizes=\"auto, (max-width: 480px) 150px\" src=\"https:\/\/ceciconnects.com\/wp-content\/uploads\/2026\/02\/g4ac57e3eb2e3c0f65ebdad3d0556746c6a44fa0eb31758eeb79ce977a8fb441621cbd6ca755e7c64969c0f11f5805e45e71da4e356a67decea5fd2eecfaa09bb_1280-4529717-1024x682.jpg\" alt=\"team, friendship, group, hands, cooperation, people, community, connection, relationship, friendship day, team, team, team, team, team, friendship, friendship, community, community, community, relationship\" class=\"uag-image-1558\" width=\"1024\" height=\"682\" title=\"g4ac57e3eb2e3c0f65ebdad3d0556746c6a44fa0eb31758eeb79ce977a8fb441621cbd6ca755e7c64969c0f11f5805e45e71da4e356a67decea5fd2eecfaa09bb_1280-4529717\" loading=\"lazy\" role=\"img\"\/><\/figure><\/div>\n<\/div>\n<\/div><\/div>\n\n\n\n<div class=\"wp-block-uagb-container uagb-block-986bb15e alignfull uagb-is-root-container\"><div class=\"uagb-container-inner-blocks-wrap\">\n<div class=\"wp-block-uagb-info-box uagb-block-45d8ff90 uagb-infobox__content-wrap  uagb-infobox-icon-above-title uagb-infobox-image-valign-top\"><div class=\"uagb-ifb-content\"><div class=\"uagb-ifb-icon-wrap\"><svg xmlns=\"https:\/\/www.w3.org\/2000\/svg\" viewbox=\"0 0 512 512\"><path d=\"M0 256C0 114.6 114.6 0 256 0C397.4 0 512 114.6 512 256C512 397.4 397.4 512 256 512C114.6 512 0 397.4 0 256zM164.1 325.5C158.3 318.8 148.2 318.1 141.5 323.9C134.8 329.7 134.1 339.8 139.9 346.5C162.1 372.1 200.9 400 255.1 400C311.1 400 349.8 372.1 372.1 346.5C377.9 339.8 377.2 329.7 370.5 323.9C363.8 318.1 353.7 318.8 347.9 325.5C329.9 346.2 299.4 368 255.1 368C212.6 368 182 346.2 164.1 325.5H164.1zM176.4 176C158.7 176 144.4 190.3 144.4 208C144.4 225.7 158.7 240 176.4 240C194 240 208.4 225.7 208.4 208C208.4 190.3 194 176 176.4 176zM336.4 240C354 240 368.4 225.7 368.4 208C368.4 190.3 354 176 336.4 176C318.7 176 304.4 190.3 304.4 208C304.4 225.7 318.7 240 336.4 240z\"><\/path><\/svg><\/div><div class=\"uagb-ifb-title-wrap\"><h3 class=\"uagb-ifb-title\">Was biete ich an?<\/h3><\/div><p class=\"uagb-ifb-desc\"><br>Begleitung f\u00fcr reale Situationen: \u00dcberraschungen, Missverst\u00e4ndnisse, Entdeckungen und Lernprozesse beim Leben in einer anderen Kultur und Sprache. Beispiele daf\u00fcr sind Schwierigkeiten, Dich auszudr\u00fccken, kulturelle Schocks, Klischees, unterschiedliche Erwartungen und das Entdecken neuer Arten, Dein Leben zu gestalten.<br>Jede Situation wird auf Basis <strong>Deiner konkreten Erfahrung angegangen<\/strong>, wobei eine solide Grundlage, aktives Zuh\u00f6ren und ein ma\u00dfgeschneiderter Ansatz integriert werden.<br><br><\/p><\/div><\/div>\n\n\n\n<div class=\"wp-block-uagb-info-box uagb-block-4be89729 uagb-infobox__content-wrap  uagb-infobox-icon-above-title uagb-infobox-image-valign-top\"><div class=\"uagb-ifb-content\"><div class=\"uagb-ifb-icon-wrap\"><svg xmlns=\"https:\/\/www.w3.org\/2000\/svg\" viewbox=\"0 0 640 512\"><path d=\"M184 88C184 118.9 158.9 144 128 144C97.07 144 72 118.9 72 88C72 57.07 97.07 32 128 32C158.9 32 184 57.07 184 88zM208.4 196.3C178.7 222.7 160 261.2 160 304C160 338.3 171.1 369.8 192 394.5V416C192 433.7 177.7 448 160 448H96C78.33 448 64 433.7 64 416V389.2C26.16 371.2 0 332.7 0 288C0 226.1 50.14 176 112 176H144C167.1 176 190.2 183.5 208.4 196.3V196.3zM64 245.7C54.04 256.9 48 271.8 48 288C48 304.2 54.04 319.1 64 330.3V245.7zM448 416V394.5C468 369.8 480 338.3 480 304C480 261.2 461.3 222.7 431.6 196.3C449.8 183.5 472 176 496 176H528C589.9 176 640 226.1 640 288C640 332.7 613.8 371.2 576 389.2V416C576 433.7 561.7 448 544 448H480C462.3 448 448 433.7 448 416zM576 330.3C585.1 319.1 592 304.2 592 288C592 271.8 585.1 256.9 576 245.7V330.3zM568 88C568 118.9 542.9 144 512 144C481.1 144 456 118.9 456 88C456 57.07 481.1 32 512 32C542.9 32 568 57.07 568 88zM256 96C256 60.65 284.7 32 320 32C355.3 32 384 60.65 384 96C384 131.3 355.3 160 320 160C284.7 160 256 131.3 256 96zM448 304C448 348.7 421.8 387.2 384 405.2V448C384 465.7 369.7 480 352 480H288C270.3 480 256 465.7 256 448V405.2C218.2 387.2 192 348.7 192 304C192 242.1 242.1 192 304 192H336C397.9 192 448 242.1 448 304zM256 346.3V261.7C246 272.9 240 287.8 240 304C240 320.2 246 335.1 256 346.3zM384 261.7V346.3C393.1 335 400 320.2 400 304C400 287.8 393.1 272.9 384 261.7z\"><\/path><\/svg><\/div><div class=\"uagb-ifb-title-wrap\"><h3 class=\"uagb-ifb-title\">F\u00fcr wen und wie?<\/h3><\/div><p class=\"uagb-ifb-desc\"><br>F\u00fcr Menschen, Gruppen oder Organisationen, die sich in interkulturellen Kontexten bewegen.<br>Es kann sich dabei um einen individuellen Prozess, ein Gruppenformat oder die Arbeit mit Teams und Organisationen handeln.<br>Das Format wird individuell definiert.<br>Die Sprache kann Teil der Begleitung sein, oder Du entscheidest Dich f\u00fcr spezifischen Spanischunterricht. Wenn die Sprache Teil der Begleitung ist, wird sie als Werkzeug f\u00fcr die Kommunikation, das gegenseitige Verst\u00e4ndnis und das Zugeh\u00f6rigkeitsgef\u00fchl integriert.<\/p><\/div><\/div>\n\n\n\n<div class=\"wp-block-uagb-info-box uagb-block-f02229eb uagb-infobox__content-wrap  uagb-infobox-icon-above-title uagb-infobox-image-valign-top\"><div class=\"uagb-ifb-content\"><div class=\"uagb-ifb-icon-wrap\"><svg xmlns=\"https:\/\/www.w3.org\/2000\/svg\" viewbox=\"0 0 640 512\"><path d=\"M416 176C416 78.8 322.9 0 208 0S0 78.8 0 176c0 39.57 15.62 75.96 41.67 105.4c-16.39 32.76-39.23 57.32-39.59 57.68c-2.1 2.205-2.67 5.475-1.441 8.354C1.9 350.3 4.602 352 7.66 352c38.35 0 70.76-11.12 95.74-24.04C134.2 343.1 169.8 352 208 352C322.9 352 416 273.2 416 176zM599.6 443.7C624.8 413.9 640 376.6 640 336C640 238.8 554 160 448 160c-.3145 0-.6191 .041-.9336 .043C447.5 165.3 448 170.6 448 176c0 98.62-79.68 181.2-186.1 202.5C282.7 455.1 357.1 512 448 512c33.69 0 65.32-8.008 92.85-21.98C565.2 502 596.1 512 632.3 512c3.059 0 5.76-1.725 7.02-4.605c1.229-2.879 .6582-6.148-1.441-8.354C637.6 498.7 615.9 475.3 599.6 443.7z\"><\/path><\/svg><\/div><div class=\"uagb-ifb-title-wrap\"><h3 class=\"uagb-ifb-title\">Meine Perspektive<\/h3><\/div><p class=\"uagb-ifb-desc\"><br>Ich arbeite an der Schnittstelle von Bildung, Begleitung und gelebter interkultureller Erfahrung.<br>Ich habe Menschen begleitet, die in neuen L\u00e4ndern angekommen sind, diejenigen, die ihre Reise vorbereitet haben, und diverse Teams, die sich besser verstehen wollten.<br>Sich zu integrieren bedeutet nicht, ein Modell zu kopieren. Es geht darum, einen eigenen Weg zu finden, um mit dem Umfeld in Beziehung zu treten.<br>Genau dort setze ich bei meiner Begleitung an: mit Respekt, Zeit und Aufmerksamkeit f\u00fcr das Einzigartige jedes Prozesses.<\/p><\/div><\/div>\n\n\n\n<div class=\"wp-block-uagb-info-box uagb-block-6cee47f3 uagb-infobox__content-wrap  uagb-infobox-icon-above-title uagb-infobox-image-valign-top\"><div class=\"uagb-ifb-content\"><div class=\"uagb-ifb-icon-wrap\"><svg xmlns=\"https:\/\/www.w3.org\/2000\/svg\" viewbox=\"0 0 512 512\"><path d=\"M284.6 181.9c-10.28-8.344-25.41-6.875-33.75 3.406C242.4 195.6 243.9 210.7 254.2 219.1c11.31 9.25 17.81 22.69 17.81 36.87c0 14.19-6.5 27.62-17.81 36.87c-10.28 8.406-11.78 23.53-3.375 33.78c4.719 5.812 11.62 8.812 18.56 8.812c5.344 0 10.75-1.781 15.19-5.406c22.53-18.44 35.44-45.4 35.44-74.05S307.1 200.4 284.6 181.9zM345.1 107.1c-10.22-8.344-25.34-6.907-33.78 3.343c-8.406 10.25-6.906 25.37 3.344 33.78c33.88 27.78 53.31 68.18 53.31 110.9s-19.44 83.09-53.31 110.9c-10.25 8.406-11.75 23.53-3.344 33.78c4.75 5.781 11.62 8.781 18.56 8.781c5.375 0 10.75-1.781 15.22-5.438C390.2 367.1 416 313.1 416 255.1S390.2 144.9 345.1 107.1zM406.4 33.15c-10.22-8.344-25.34-6.875-33.78 3.344c-8.406 10.25-6.906 25.37 3.344 33.78C431.9 116.1 464 183.8 464 255.1s-32.09 139.9-88.06 185.7c-10.25 8.406-11.75 23.53-3.344 33.78c4.75 5.781 11.62 8.781 18.56 8.781c5.375 0 10.75-1.781 15.22-5.438C473.5 423.8 512 342.6 512 255.1S473.5 88.15 406.4 33.15zM151.3 174.6C161.1 175.6 172.1 169.5 176 159.6l33.75-84.38C214 64.35 209.1 51.1 200.2 45.86l-67.47-42.17C123.2-2.289 110.9-.8945 102.9 7.08C-34.32 144.3-34.31 367.7 102.9 504.9c7.982 7.984 20.22 9.379 29.75 3.402l67.48-42.19c9.775-6.104 13.9-18.47 9.598-29.3L176 352.5c-3.945-9.963-14.14-16.11-24.73-14.97l-53.24 5.314C78.89 286.7 78.89 225.4 98.06 169.3L151.3 174.6z\"><\/path><\/svg><\/div><div class=\"uagb-ifb-title-wrap\"><h3 class=\"uagb-ifb-title\">Erster Kontakt<\/h3><\/div><p class=\"uagb-ifb-desc\"><br>Wenn Du das Gef\u00fchl hast, dass diese Begleitung zu Deiner Situation passt, ist der erste Schritt ein Erstgespr\u00e4ch.<br>Ein Raum, um uns kennenzulernen, zu verstehen, was Du gerade durchmachst, und um zu sehen, ob diese Begleitung das ist, was Du suchst.<br>Wir k\u00f6nnen uns auf Spanisch, Portugiesisch, Englisch oder Deutsch verst\u00e4ndigen.<br>\ud83d\udc49 <strong>Schreib mir, und wir vereinbaren ein erstes Gespr\u00e4ch.<\/strong><br>Desde Argentina al mundo. \n(Von Argentinien aus in die Welt.)<\/p><\/div><\/div>\n\n\n\n<div class=\"wp-block-uagb-buttons uagb-buttons__outer-wrap uagb-btn__default-btn uagb-btn-tablet__default-btn uagb-btn-mobile__default-btn uagb-block-231db035\"><div class=\"uagb-buttons__wrap uagb-buttons-layout-wrap\">\n<div class=\"wp-block-uagb-buttons-child uagb-buttons__outer-wrap uagb-block-5a9bef91 wp-block-button\"><div class=\"uagb-button__wrapper\"><a class=\"uagb-buttons-repeater wp-block-button__link\" aria-label=\"\" href=\"https:\/\/ceciconnects.com\/de\/reserva-tus-clases\/\" rel=\"follow noopener\" target=\"_self\" role=\"button\"><div class=\"uagb-button__link\">KOSTENLOSES ERSTGESPR\u00c4CH<\/div><\/a><\/div><\/div>\n<\/div><\/div>\n<\/div><\/div>\n\n\n\n<p><\/p>\n\n\n\n<p><\/p>\n\n\n\n<p><\/p>","protected":false},"excerpt":{"rendered":"<p>Interkulturelles Mentoring<\/p>","protected":false},"author":1,"featured_media":0,"parent":0,"menu_order":0,"comment_status":"closed","ping_status":"closed","template":"","meta":{"_uag_custom_page_level_css":"","site-sidebar-layout":"no-sidebar","site-content-layout":"plain-container","ast-site-content-layout":"full-width-container","site-content-style":"unboxed","site-sidebar-style":"unboxed","ast-global-header-display":"","ast-banner-title-visibility":"","ast-main-header-display":"","ast-hfb-above-header-display":"","ast-hfb-below-header-display":"","ast-hfb-mobile-header-display":"","site-post-title":"disabled","ast-breadcrumbs-content":"","ast-featured-img":"disabled","footer-sml-layout":"","ast-disable-related-posts":"","theme-transparent-header-meta":"enabled","adv-header-id-meta":"","stick-header-meta":"","header-above-stick-meta":"","header-main-stick-meta":"","header-below-stick-meta":"","astra-migrate-meta-layouts":"set","ast-page-background-enabled":"default","ast-page-background-meta":{"desktop":{"background-color":"","background-image":"","background-repeat":"repeat","background-position":"center center","background-size":"auto","background-attachment":"scroll","background-type":"","background-media":"","overlay-type":"","overlay-color":"","overlay-opacity":"","overlay-gradient":""},"tablet":{"background-color":"","background-image":"","background-repeat":"repeat","background-position":"center center","background-size":"auto","background-attachment":"scroll","background-type":"","background-media":"","overlay-type":"","overlay-color":"","overlay-opacity":"","overlay-gradient":""},"mobile":{"background-color":"","background-image":"","background-repeat":"repeat","background-position":"center center","background-size":"auto","background-attachment":"scroll","background-type":"","background-media":"","overlay-type":"","overlay-color":"","overlay-opacity":"","overlay-gradient":""}},"ast-content-background-meta":{"desktop":{"background-color":"var(--ast-global-color-5)","background-image":"","background-repeat":"repeat","background-position":"center center","background-size":"auto","background-attachment":"scroll","background-type":"","background-media":"","overlay-type":"","overlay-color":"","overlay-opacity":"","overlay-gradient":""},"tablet":{"background-color":"var(--ast-global-color-5)","background-image":"","background-repeat":"repeat","background-position":"center center","background-size":"auto","background-attachment":"scroll","background-type":"","background-media":"","overlay-type":"","overlay-color":"","overlay-opacity":"","overlay-gradient":""},"mobile":{"background-color":"var(--ast-global-color-5)","background-image":"","background-repeat":"repeat","background-position":"center center","background-size":"auto","background-attachment":"scroll","background-type":"","background-media":"","overlay-type":"","overlay-color":"","overlay-opacity":"","overlay-gradient":""}},"footnotes":""},"class_list":["post-8","page","type-page","status-publish","hentry"],"_hostinger_reach_plugin_has_subscription_block":false,"_hostinger_reach_plugin_is_elementor":false,"uagb_featured_image_src":{"full":false,"thumbnail":false,"medium":false,"medium_large":false,"large":false,"1536x1536":false,"2048x2048":false,"trp-custom-language-flag":false},"uagb_author_info":{"display_name":"cecilia.lopez.marino@gmail.com","author_link":"https:\/\/ceciconnects.com\/de\/author\/cecilia-lopez-marinogmail-com\/"},"uagb_comment_info":0,"uagb_excerpt":"Acompa\u00f1amiento Intercultural","_links":{"self":[{"href":"https:\/\/ceciconnects.com\/de\/wp-json\/wp\/v2\/pages\/8","targetHints":{"allow":["GET"]}}],"collection":[{"href":"https:\/\/ceciconnects.com\/de\/wp-json\/wp\/v2\/pages"}],"about":[{"href":"https:\/\/ceciconnects.com\/de\/wp-json\/wp\/v2\/types\/page"}],"author":[{"embeddable":true,"href":"https:\/\/ceciconnects.com\/de\/wp-json\/wp\/v2\/users\/1"}],"replies":[{"embeddable":true,"href":"https:\/\/ceciconnects.com\/de\/wp-json\/wp\/v2\/comments?post=8"}],"version-history":[{"count":20,"href":"https:\/\/ceciconnects.com\/de\/wp-json\/wp\/v2\/pages\/8\/revisions"}],"predecessor-version":[{"id":1696,"href":"https:\/\/ceciconnects.com\/de\/wp-json\/wp\/v2\/pages\/8\/revisions\/1696"}],"wp:attachment":[{"href":"https:\/\/ceciconnects.com\/de\/wp-json\/wp\/v2\/media?parent=8"}],"curies":[{"name":"wp","href":"https:\/\/api.w.org\/{rel}","templated":true}]}}