{"id":7,"date":"2025-12-15T22:31:00","date_gmt":"2025-12-15T22:31:00","guid":{"rendered":"http:\/\/ceciconnects.com\/about\/"},"modified":"2026-03-16T03:30:17","modified_gmt":"2026-03-16T03:30:17","slug":"about","status":"publish","type":"page","link":"https:\/\/ceciconnects.com\/de\/about\/","title":{"rendered":"\u00dcber mich"},"content":{"rendered":"<div class=\"wp-block-uagb-container uagb-block-8d5e00ba alignfull uagb-is-root-container\"><div class=\"uagb-container-inner-blocks-wrap\"><\/div><\/div>\n\n\n\n<div class=\"wp-block-uagb-container uagb-block-c8529dee alignfull uagb-is-root-container\"><div class=\"uagb-container-inner-blocks-wrap\">\n<div class=\"wp-block-uagb-advanced-heading uagb-block-b87ef8b1\"><h2 class=\"uagb-heading-text\">\u00dcber mich<\/h2><\/div>\n<\/div><\/div>\n\n\n\n<div class=\"wp-block-uagb-container uagb-block-91e0d4ac default uagb-is-root-container\">\n<div class=\"wp-block-uagb-container uagb-block-ecabed0e\">\n<div class=\"wp-block-uagb-info-box uagb-block-6999755e uagb-infobox__content-wrap  uagb-infobox-icon-above-title uagb-infobox-image-valign-top wp-block-uagb-info-box--has-margin\"><div class=\"uagb-infobox-margin-wrapper\"><div class=\"uagb-ifb-content\"><div class=\"uagb-ifb-title-wrap\"><h6 class=\"uagb-ifb-title-prefix\"><strong>VON CECILIA LOPEZ<\/strong><\/h6><h3 class=\"uagb-ifb-title\">Ein paar Worte \u00fcber mich<\/h3><\/div><\/div><\/div><\/div>\n\n\n\n<div class=\"wp-block-uagb-info-box uagb-block-da9f5b1b uagb-infobox__content-wrap  uagb-infobox-icon-above-title uagb-infobox-image-valign-top wp-block-uagb-info-box--has-margin\"><div class=\"uagb-infobox-margin-wrapper\"><div class=\"uagb-ifb-content\"><div class=\"uagb-ifb-title-wrap\"><h5 class=\"uagb-ifb-title\">WIE DIESER RAUM ENTSTANDEN IST<\/h5><\/div><p class=\"uagb-ifb-desc\">Ich bin Ceci, Spanischlehrerin f\u00fcr Ausl\u00e4nder*innen. Ich komme aus Argentinien, und mein pers\u00f6nlicher und beruflicher Werdegang ist tief gepr\u00e4gt von Interkulturalit\u00e4t, Sprachen und der Begleitung von Menschen in Ver\u00e4nderungsprozessen.<br><br>Ich habe 28 Jahre in Argentinien und 8 Jahre in Deutschland gelebt. Diese Erfahrung hat mir erm\u00f6glicht, aus erster Hand zu erfahren, was es bedeutet, in einem neuen Land anzukommen, sich an eine andere Kultur anzupassen und die eigene Stimme in einer anderen Sprache zu finden.<br><br>Bevor ich diesen Raum geschaffen habe, bildete ich mich im Bereich der p\u00e4dagogischen und therapeutischen Begleitung aus und arbeitete dort, insbesondere in Kontexten von Vielfalt und Inklusion. Sp\u00e4ter in Deutschland war ich Teil von Teams aus Programmreferent*innen internationaler Freiwilligenprogramme und begleitete junge Menschen aus verschiedenen L\u00e4ndern in ihren Integrationsprozessen. Ich leitete interkulturelle Gruppenseminare f\u00fcr Teilnehmende aus Afrika, Asien, Europa und Lateinamerika und begleitete individuelle Prozesse zwischen Deutschland und Lateinamerika. Diese Arbeit fand auf Spanisch, Deutsch, Englisch und Portugiesisch statt.<br><br>Dieser t\u00e4gliche Austausch hat mir gezeigt, dass eine Sprache nicht nur aus Grammatik besteht, sondern ein Tor ist, um sich mit seiner Umgebung und einer Gemeinschaft zu verbinden und sich als Teil davon zu f\u00fchlen. Aus diesem Grund habe ich mich an der Universit\u00e4t von Salamanca als Spanischlehrerin f\u00fcr Fremdsprachen (ELE) ausgebildet und dieses Projekt ins Leben gerufen. Es verbindet Einzel- und Gruppenunterricht, pers\u00f6nliche Begleitung und Seminare auf Anfrage.<br><br>Mein Fokus liegt auf dem argentinischen und rioplatensischen Spanisch, aber ich passe mich Ihren individuellen Zielen und dem jeweiligen hispanischen Kontext an, indem ich spezifisches Vokabular, Redewendungen und kulturelle Bez\u00fcge einflie\u00dfen lasse.<br><br>Dieser Raum ist nicht nur ein Ort, um eine Sprache zu lernen: Es ist eine Einladung, neue Umgebungen mit Selbstvertrauen, Verbundenheit und Verst\u00e4ndnis zu erkunden.<br><br>Ich freue mich darauf, dich kennenzulernen und dich dabei zu begleiten, dass dein Lernen und deine Integrationserfahrung zu einem Prozess des pers\u00f6nlichen Wachstums und der Bereicherung werden.<br>Wenn du das Gef\u00fchl hast, dass dieser Raum dich begleiten kann, k\u00f6nnen wir ein Erstgespr\u00e4ch f\u00fchren, um \u00fcber deine Ziele zu sprechen und gemeinsam den passenden Weg f\u00fcr dich zu finden.<br><br>Ich bin hier, um dich zu begleiten \u2013 desde Argentina al mundo. (Von Argentinien aus in die Welt)<br><\/p><\/div><\/div><\/div>\n<\/div>\n\n\n\n<div class=\"wp-block-uagb-image uagb-block-43d77156 wp-block-uagb-image--layout-default wp-block-uagb-image--effect-static wp-block-uagb-image--align-none\" style=\"border-radius:8px\"><figure class=\"wp-block-uagb-image__figure\"><img decoding=\"async\" srcset=\"https:\/\/ceciconnects.com\/wp-content\/uploads\/2026\/02\/Obelisco-576x1024.jpg ,https:\/\/ceciconnects.com\/wp-content\/uploads\/2026\/02\/Obelisco-scaled.jpg 780w, https:\/\/ceciconnects.com\/wp-content\/uploads\/2026\/02\/Obelisco-scaled.jpg 360w\" sizes=\"auto, (max-width: 480px) 150px\" src=\"https:\/\/ceciconnects.com\/wp-content\/uploads\/2026\/02\/Obelisco-576x1024.jpg\" alt=\"\" class=\"uag-image-1620\" width=\"500\" height=\"1024\" title=\"Obelisco\" loading=\"lazy\" role=\"img\"\/><\/figure><\/div>\n<\/div>\n\n\n\n<div class=\"wp-block-uagb-buttons uagb-buttons__outer-wrap uagb-btn__default-btn uagb-btn-tablet__default-btn uagb-btn-mobile__default-btn uagb-block-220baa94\"><div class=\"uagb-buttons__wrap uagb-buttons-layout-wrap\">\n<div class=\"wp-block-uagb-buttons-child uagb-buttons__outer-wrap uagb-block-e210e1f1 wp-block-button\"><div class=\"uagb-button__wrapper\"><a class=\"uagb-buttons-repeater wp-block-button__link\" aria-label=\"\" href=\"https:\/\/ceciconnects.com\/de\/reserva-tus-clases\/\" rel=\"follow noopener\" target=\"_self\" role=\"button\"><div class=\"uagb-button__link\">ERSTGESPR\u00c4CH VEREINBAREN<\/div><\/a><\/div><\/div>\n<\/div><\/div>\n\n\n\n<div class=\"wp-block-uagb-container uagb-block-992322d3 alignfull uagb-is-root-container\"><div class=\"uagb-container-inner-blocks-wrap\">\n<div class=\"wp-block-uagb-info-box uagb-block-d0aaca66 uagb-infobox__content-wrap  uagb-infobox_cta-type-all uagb-infobox-icon-above-title uagb-infobox-image-valign-top wp-block-uagb-info-box--has-margin\"><div class=\"uagb-infobox-margin-wrapper\"><a href=\"https:\/\/www.linkedin.com\/in\/cecilia-paula-l-94248764\/\" class=\"uagb-infobox-link-wrap uagb-infbox__link-to-all\" target=\"_self\" aria-label=\"Infobox Link\" rel=\"noopener noreferrer\" onclick=\"return true;\"><\/a><div class=\"uagb-ifb-content\"><div class=\"uagb-ifb-icon-wrap\"><svg xmlns=\"https:\/\/www.w3.org\/2000\/svg\" viewbox=\"0 0 448 512\"><path d=\"M416 32H31.9C14.3 32 0 46.5 0 64.3v383.4C0 465.5 14.3 480 31.9 480H416c17.6 0 32-14.5 32-32.3V64.3c0-17.8-14.4-32.3-32-32.3zM135.4 416H69V202.2h66.5V416zm-33.2-243c-21.3 0-38.5-17.3-38.5-38.5S80.9 96 102.2 96c21.2 0 38.5 17.3 38.5 38.5 0 21.3-17.2 38.5-38.5 38.5zm282.1 243h-66.4V312c0-24.8-.5-56.7-34.5-56.7-34.6 0-39.9 27-39.9 54.9V416h-66.4V202.2h63.7v29.2h.9c8.9-16.8 30.6-34.5 62.9-34.5 67.2 0 79.7 44.3 79.7 101.9V416z\"><\/path><\/svg><\/div><div class=\"uagb-ifb-title-wrap\"><h3 class=\"uagb-ifb-title\">M\u00f6chtest Du mehr \u00fcber meinen beruflichen Werdegang erfahren? Finde mich auf LinkedIn.<\/h3><\/div><div class=\"uagb-ifb-button-wrapper wp-block-button\"><\/div><\/div><\/div><\/div>\n<\/div><\/div>\n\n\n\n<p><\/p>","protected":false},"excerpt":{"rendered":"<p>\u00dcber mich<\/p>","protected":false},"author":1,"featured_media":0,"parent":0,"menu_order":0,"comment_status":"closed","ping_status":"closed","template":"","meta":{"_uag_custom_page_level_css":"","site-sidebar-layout":"no-sidebar","site-content-layout":"plain-container","ast-site-content-layout":"full-width-container","site-content-style":"unboxed","site-sidebar-style":"unboxed","ast-global-header-display":"","ast-banner-title-visibility":"","ast-main-header-display":"","ast-hfb-above-header-display":"","ast-hfb-below-header-display":"","ast-hfb-mobile-header-display":"","site-post-title":"disabled","ast-breadcrumbs-content":"","ast-featured-img":"disabled","footer-sml-layout":"","ast-disable-related-posts":"","theme-transparent-header-meta":"enabled","adv-header-id-meta":"","stick-header-meta":"","header-above-stick-meta":"","header-main-stick-meta":"","header-below-stick-meta":"","astra-migrate-meta-layouts":"set","ast-page-background-enabled":"default","ast-page-background-meta":{"desktop":{"background-color":"","background-image":"","background-repeat":"repeat","background-position":"center center","background-size":"auto","background-attachment":"scroll","background-type":"","background-media":"","overlay-type":"","overlay-color":"","overlay-opacity":"","overlay-gradient":""},"tablet":{"background-color":"","background-image":"","background-repeat":"repeat","background-position":"center center","background-size":"auto","background-attachment":"scroll","background-type":"","background-media":"","overlay-type":"","overlay-color":"","overlay-opacity":"","overlay-gradient":""},"mobile":{"background-color":"","background-image":"","background-repeat":"repeat","background-position":"center center","background-size":"auto","background-attachment":"scroll","background-type":"","background-media":"","overlay-type":"","overlay-color":"","overlay-opacity":"","overlay-gradient":""}},"ast-content-background-meta":{"desktop":{"background-color":"var(--ast-global-color-5)","background-image":"","background-repeat":"repeat","background-position":"center center","background-size":"auto","background-attachment":"scroll","background-type":"","background-media":"","overlay-type":"","overlay-color":"","overlay-opacity":"","overlay-gradient":""},"tablet":{"background-color":"var(--ast-global-color-5)","background-image":"","background-repeat":"repeat","background-position":"center center","background-size":"auto","background-attachment":"scroll","background-type":"","background-media":"","overlay-type":"","overlay-color":"","overlay-opacity":"","overlay-gradient":""},"mobile":{"background-color":"var(--ast-global-color-5)","background-image":"","background-repeat":"repeat","background-position":"center center","background-size":"auto","background-attachment":"scroll","background-type":"","background-media":"","overlay-type":"","overlay-color":"","overlay-opacity":"","overlay-gradient":""}},"footnotes":""},"class_list":["post-7","page","type-page","status-publish","hentry"],"_hostinger_reach_plugin_has_subscription_block":false,"_hostinger_reach_plugin_is_elementor":false,"uagb_featured_image_src":{"full":false,"thumbnail":false,"medium":false,"medium_large":false,"large":false,"1536x1536":false,"2048x2048":false,"trp-custom-language-flag":false},"uagb_author_info":{"display_name":"cecilia.lopez.marino@gmail.com","author_link":"https:\/\/ceciconnects.com\/de\/author\/cecilia-lopez-marinogmail-com\/"},"uagb_comment_info":0,"uagb_excerpt":"Sobre m\u00ed","_links":{"self":[{"href":"https:\/\/ceciconnects.com\/de\/wp-json\/wp\/v2\/pages\/7","targetHints":{"allow":["GET"]}}],"collection":[{"href":"https:\/\/ceciconnects.com\/de\/wp-json\/wp\/v2\/pages"}],"about":[{"href":"https:\/\/ceciconnects.com\/de\/wp-json\/wp\/v2\/types\/page"}],"author":[{"embeddable":true,"href":"https:\/\/ceciconnects.com\/de\/wp-json\/wp\/v2\/users\/1"}],"replies":[{"embeddable":true,"href":"https:\/\/ceciconnects.com\/de\/wp-json\/wp\/v2\/comments?post=7"}],"version-history":[{"count":60,"href":"https:\/\/ceciconnects.com\/de\/wp-json\/wp\/v2\/pages\/7\/revisions"}],"predecessor-version":[{"id":1835,"href":"https:\/\/ceciconnects.com\/de\/wp-json\/wp\/v2\/pages\/7\/revisions\/1835"}],"wp:attachment":[{"href":"https:\/\/ceciconnects.com\/de\/wp-json\/wp\/v2\/media?parent=7"}],"curies":[{"name":"wp","href":"https:\/\/api.w.org\/{rel}","templated":true}]}}